{"id":817,"date":"2026-02-05T17:52:31","date_gmt":"2026-02-05T15:52:31","guid":{"rendered":"https:\/\/rmc-global.com\/?post_type=product&#038;p=817"},"modified":"2026-02-06T13:11:27","modified_gmt":"2026-02-06T11:11:27","slug":"pompa-ciepla-rmc-hp","status":"publish","type":"product","link":"https:\/\/rmc-global.com\/pl\/products\/pompa-ciepla-rmc-hp\/","title":{"rendered":"Pompa ciep\u0142a RMC-HP"},"content":{"rendered":"<p data-path-to-node=\"10\"><b data-path-to-node=\"10\" data-index-in-node=\"0\">Pompa ciep\u0142a RMC-HP<\/b> zapewnia podgrzewanie wody lub glikolu dla system\u00f3w grzewczych oraz instalacji ciep\u0142ej wody u\u017cytkowej (CWU), gwarantuj\u0105c \u0142atwo\u015b\u0107 monta\u017cu i ekonomiczne zu\u017cycie energii elektrycznej.<\/p>\n<h2 data-path-to-node=\"11\">G\u0142\u00f3wne cechy pompy ciep\u0142a RMC<\/h2>\n<p data-path-to-node=\"11\">Wysokowydajne spr\u0119\u017carki, wydajne skraplacze i parowniki w po\u0142\u0105czeniu z izolowan\u0105 akustycznie obudow\u0105 gwarantuj\u0105 niezawodn\u0105 i cich\u0105 prac\u0119.<\/p>\n<ul data-path-to-node=\"12\">\n<li>\n<p data-path-to-node=\"12,0,0\"><b data-path-to-node=\"12,0,0\" data-index-in-node=\"0\">typ czynnika:<\/b> woda \/ mieszanki wodno-glikolowe.<\/p>\n<\/li>\n<li>\n<p data-path-to-node=\"12,1,0\"><b data-path-to-node=\"12,1,0\" data-index-in-node=\"0\">obudowa:<\/b> zabezpieczona, d\u017awi\u0119koszczelna, odporna na korozj\u0119.<\/p>\n<\/li>\n<li>\n<p data-path-to-node=\"12,2,0\"><b data-path-to-node=\"12,2,0\" data-index-in-node=\"0\">sterowanie:<\/b> inteligentny system kontroli parametr\u00f3w roboczych.<\/p>\n<\/li>\n<\/ul>\n","protected":false},"featured_media":815,"template":"","product_category":[74],"class_list":["post-817","product","type-product","status-publish","has-post-thumbnail","hentry","product_category-pompy-ciepla-rmc"],"acf":[],"yoast_head":"<!-- This site is optimized with the Yoast SEO plugin v27.5 - https:\/\/yoast.com\/product\/yoast-seo-wordpress\/ -->\n<title>Pompa ciep\u0142a RMC-HP | Producent RMC<\/title>\n<meta name=\"description\" content=\"Przemys\u0142owa pompa ciep\u0142a RMC-HP do podgrzewania wody i glikolu. Idealna dla supermarket\u00f3w, magazyn\u00f3w i hal produkcyjnych. Cicha praca, wysoka wydajno\u015b\u0107 i \u0142atwy monta\u017c.\" \/>\n<meta name=\"robots\" content=\"index, follow, max-snippet:-1, max-image-preview:large, max-video-preview:-1\" \/>\n<link rel=\"canonical\" href=\"https:\/\/rmc-global.com\/pl\/products\/pompa-ciepla-rmc-hp\/\" \/>\n<meta property=\"og:locale\" content=\"pl_PL\" \/>\n<meta property=\"og:type\" content=\"article\" \/>\n<meta property=\"og:title\" content=\"Pompa ciep\u0142a RMC-HP | Producent RMC\" \/>\n<meta property=\"og:description\" content=\"Przemys\u0142owa pompa ciep\u0142a RMC-HP do podgrzewania wody i glikolu. Idealna dla supermarket\u00f3w, magazyn\u00f3w i hal produkcyjnych. Cicha praca, wysoka wydajno\u015b\u0107 i \u0142atwy monta\u017c.\" \/>\n<meta property=\"og:url\" content=\"https:\/\/rmc-global.com\/pl\/products\/pompa-ciepla-rmc-hp\/\" \/>\n<meta property=\"og:site_name\" content=\"rmc\" \/>\n<meta property=\"article:modified_time\" content=\"2026-02-06T11:11:27+00:00\" \/>\n<meta property=\"og:image\" content=\"https:\/\/rmc-global.com\/wp-content\/uploads\/2026\/02\/teplovyj-nasos-rmc-scaled.jpg\" \/>\n\t<meta property=\"og:image:width\" content=\"2560\" \/>\n\t<meta property=\"og:image:height\" content=\"1707\" \/>\n\t<meta property=\"og:image:type\" content=\"image\/jpeg\" \/>\n<meta name=\"twitter:card\" content=\"summary_large_image\" \/>\n<meta name=\"twitter:label1\" content=\"Szacowany czas czytania\" \/>\n\t<meta name=\"twitter:data1\" content=\"1 minuta\" \/>\n<script type=\"application\/ld+json\" class=\"yoast-schema-graph\">{\"@context\":\"https:\\\/\\\/schema.org\",\"@graph\":[{\"@type\":\"WebPage\",\"@id\":\"https:\\\/\\\/rmc-global.com\\\/pl\\\/products\\\/pompa-ciepla-rmc-hp\\\/\",\"url\":\"https:\\\/\\\/rmc-global.com\\\/pl\\\/products\\\/pompa-ciepla-rmc-hp\\\/\",\"name\":\"Pompa ciep\u0142a RMC-HP | Producent RMC\",\"isPartOf\":{\"@id\":\"https:\\\/\\\/rmc-global.com\\\/pl\\\/#website\"},\"primaryImageOfPage\":{\"@id\":\"https:\\\/\\\/rmc-global.com\\\/pl\\\/products\\\/pompa-ciepla-rmc-hp\\\/#primaryimage\"},\"image\":{\"@id\":\"https:\\\/\\\/rmc-global.com\\\/pl\\\/products\\\/pompa-ciepla-rmc-hp\\\/#primaryimage\"},\"thumbnailUrl\":\"https:\\\/\\\/rmc-global.com\\\/wp-content\\\/uploads\\\/2026\\\/02\\\/teplovyj-nasos-rmc-scaled.jpg\",\"datePublished\":\"2026-02-05T15:52:31+00:00\",\"dateModified\":\"2026-02-06T11:11:27+00:00\",\"description\":\"Przemys\u0142owa pompa ciep\u0142a RMC-HP do podgrzewania wody i glikolu. Idealna dla supermarket\u00f3w, magazyn\u00f3w i hal produkcyjnych. Cicha praca, wysoka wydajno\u015b\u0107 i \u0142atwy monta\u017c.\",\"breadcrumb\":{\"@id\":\"https:\\\/\\\/rmc-global.com\\\/pl\\\/products\\\/pompa-ciepla-rmc-hp\\\/#breadcrumb\"},\"inLanguage\":\"pl-PL\",\"potentialAction\":[{\"@type\":\"ReadAction\",\"target\":[\"https:\\\/\\\/rmc-global.com\\\/pl\\\/products\\\/pompa-ciepla-rmc-hp\\\/\"]}]},{\"@type\":\"ImageObject\",\"inLanguage\":\"pl-PL\",\"@id\":\"https:\\\/\\\/rmc-global.com\\\/pl\\\/products\\\/pompa-ciepla-rmc-hp\\\/#primaryimage\",\"url\":\"https:\\\/\\\/rmc-global.com\\\/wp-content\\\/uploads\\\/2026\\\/02\\\/teplovyj-nasos-rmc-scaled.jpg\",\"contentUrl\":\"https:\\\/\\\/rmc-global.com\\\/wp-content\\\/uploads\\\/2026\\\/02\\\/teplovyj-nasos-rmc-scaled.jpg\",\"width\":2560,\"height\":1707},{\"@type\":\"BreadcrumbList\",\"@id\":\"https:\\\/\\\/rmc-global.com\\\/pl\\\/products\\\/pompa-ciepla-rmc-hp\\\/#breadcrumb\",\"itemListElement\":[{\"@type\":\"ListItem\",\"position\":1,\"name\":\"\u0413\u043e\u043b\u043e\u0432\u043d\u0430\",\"item\":\"https:\\\/\\\/rmc-global.com\\\/pl\\\/\"},{\"@type\":\"ListItem\",\"position\":2,\"name\":\"Produkt\",\"item\":\"https:\\\/\\\/rmc-global.com\\\/pl\\\/products\\\/\"},{\"@type\":\"ListItem\",\"position\":3,\"name\":\"Pompy ciep\u0142a RMC\",\"item\":\"https:\\\/\\\/rmc-global.com\\\/pl\\\/product-category\\\/pompy-ciepla-rmc\\\/\"},{\"@type\":\"ListItem\",\"position\":4,\"name\":\"Pompa ciep\u0142a RMC-HP\"}]},{\"@type\":\"WebSite\",\"@id\":\"https:\\\/\\\/rmc-global.com\\\/pl\\\/#website\",\"url\":\"https:\\\/\\\/rmc-global.com\\\/pl\\\/\",\"name\":\"rmc\",\"description\":\"\",\"potentialAction\":[{\"@type\":\"SearchAction\",\"target\":{\"@type\":\"EntryPoint\",\"urlTemplate\":\"https:\\\/\\\/rmc-global.com\\\/pl\\\/?s={search_term_string}\"},\"query-input\":{\"@type\":\"PropertyValueSpecification\",\"valueRequired\":true,\"valueName\":\"search_term_string\"}}],\"inLanguage\":\"pl-PL\"}]}<\/script>\n<!-- \/ Yoast SEO plugin. -->","yoast_head_json":{"title":"Pompa ciep\u0142a RMC-HP | Producent RMC","description":"Przemys\u0142owa pompa ciep\u0142a RMC-HP do podgrzewania wody i glikolu. Idealna dla supermarket\u00f3w, magazyn\u00f3w i hal produkcyjnych. Cicha praca, wysoka wydajno\u015b\u0107 i \u0142atwy monta\u017c.","robots":{"index":"index","follow":"follow","max-snippet":"max-snippet:-1","max-image-preview":"max-image-preview:large","max-video-preview":"max-video-preview:-1"},"canonical":"https:\/\/rmc-global.com\/pl\/products\/pompa-ciepla-rmc-hp\/","og_locale":"pl_PL","og_type":"article","og_title":"Pompa ciep\u0142a RMC-HP | Producent RMC","og_description":"Przemys\u0142owa pompa ciep\u0142a RMC-HP do podgrzewania wody i glikolu. Idealna dla supermarket\u00f3w, magazyn\u00f3w i hal produkcyjnych. Cicha praca, wysoka wydajno\u015b\u0107 i \u0142atwy monta\u017c.","og_url":"https:\/\/rmc-global.com\/pl\/products\/pompa-ciepla-rmc-hp\/","og_site_name":"rmc","article_modified_time":"2026-02-06T11:11:27+00:00","og_image":[{"width":2560,"height":1707,"url":"https:\/\/rmc-global.com\/wp-content\/uploads\/2026\/02\/teplovyj-nasos-rmc-scaled.jpg","type":"image\/jpeg"}],"twitter_card":"summary_large_image","twitter_misc":{"Szacowany czas czytania":"1 minuta"},"schema":{"@context":"https:\/\/schema.org","@graph":[{"@type":"WebPage","@id":"https:\/\/rmc-global.com\/pl\/products\/pompa-ciepla-rmc-hp\/","url":"https:\/\/rmc-global.com\/pl\/products\/pompa-ciepla-rmc-hp\/","name":"Pompa ciep\u0142a RMC-HP | Producent RMC","isPartOf":{"@id":"https:\/\/rmc-global.com\/pl\/#website"},"primaryImageOfPage":{"@id":"https:\/\/rmc-global.com\/pl\/products\/pompa-ciepla-rmc-hp\/#primaryimage"},"image":{"@id":"https:\/\/rmc-global.com\/pl\/products\/pompa-ciepla-rmc-hp\/#primaryimage"},"thumbnailUrl":"https:\/\/rmc-global.com\/wp-content\/uploads\/2026\/02\/teplovyj-nasos-rmc-scaled.jpg","datePublished":"2026-02-05T15:52:31+00:00","dateModified":"2026-02-06T11:11:27+00:00","description":"Przemys\u0142owa pompa ciep\u0142a RMC-HP do podgrzewania wody i glikolu. Idealna dla supermarket\u00f3w, magazyn\u00f3w i hal produkcyjnych. Cicha praca, wysoka wydajno\u015b\u0107 i \u0142atwy monta\u017c.","breadcrumb":{"@id":"https:\/\/rmc-global.com\/pl\/products\/pompa-ciepla-rmc-hp\/#breadcrumb"},"inLanguage":"pl-PL","potentialAction":[{"@type":"ReadAction","target":["https:\/\/rmc-global.com\/pl\/products\/pompa-ciepla-rmc-hp\/"]}]},{"@type":"ImageObject","inLanguage":"pl-PL","@id":"https:\/\/rmc-global.com\/pl\/products\/pompa-ciepla-rmc-hp\/#primaryimage","url":"https:\/\/rmc-global.com\/wp-content\/uploads\/2026\/02\/teplovyj-nasos-rmc-scaled.jpg","contentUrl":"https:\/\/rmc-global.com\/wp-content\/uploads\/2026\/02\/teplovyj-nasos-rmc-scaled.jpg","width":2560,"height":1707},{"@type":"BreadcrumbList","@id":"https:\/\/rmc-global.com\/pl\/products\/pompa-ciepla-rmc-hp\/#breadcrumb","itemListElement":[{"@type":"ListItem","position":1,"name":"\u0413\u043e\u043b\u043e\u0432\u043d\u0430","item":"https:\/\/rmc-global.com\/pl\/"},{"@type":"ListItem","position":2,"name":"Produkt","item":"https:\/\/rmc-global.com\/pl\/products\/"},{"@type":"ListItem","position":3,"name":"Pompy ciep\u0142a RMC","item":"https:\/\/rmc-global.com\/pl\/product-category\/pompy-ciepla-rmc\/"},{"@type":"ListItem","position":4,"name":"Pompa ciep\u0142a RMC-HP"}]},{"@type":"WebSite","@id":"https:\/\/rmc-global.com\/pl\/#website","url":"https:\/\/rmc-global.com\/pl\/","name":"rmc","description":"","potentialAction":[{"@type":"SearchAction","target":{"@type":"EntryPoint","urlTemplate":"https:\/\/rmc-global.com\/pl\/?s={search_term_string}"},"query-input":{"@type":"PropertyValueSpecification","valueRequired":true,"valueName":"search_term_string"}}],"inLanguage":"pl-PL"}]}},"_links":{"self":[{"href":"https:\/\/rmc-global.com\/pl\/wp-json\/wp\/v2\/product\/817","targetHints":{"allow":["GET"]}}],"collection":[{"href":"https:\/\/rmc-global.com\/pl\/wp-json\/wp\/v2\/product"}],"about":[{"href":"https:\/\/rmc-global.com\/pl\/wp-json\/wp\/v2\/types\/product"}],"wp:featuredmedia":[{"embeddable":true,"href":"https:\/\/rmc-global.com\/pl\/wp-json\/wp\/v2\/media\/815"}],"wp:attachment":[{"href":"https:\/\/rmc-global.com\/pl\/wp-json\/wp\/v2\/media?parent=817"}],"wp:term":[{"taxonomy":"product_category","embeddable":true,"href":"https:\/\/rmc-global.com\/pl\/wp-json\/wp\/v2\/product_category?post=817"}],"curies":[{"name":"wp","href":"https:\/\/api.w.org\/{rel}","templated":true}]}}