{"id":702,"date":"2026-01-29T14:00:25","date_gmt":"2026-01-29T12:00:25","guid":{"rendered":"https:\/\/rmc-global.com\/products\/agregaty-sprezarkowo-skraplajace-alps-nano\/"},"modified":"2026-03-26T13:01:04","modified_gmt":"2026-03-26T11:01:04","slug":"agregaty-sprezarkowo-skraplajace-alps-nano","status":"publish","type":"product","link":"https:\/\/rmc-global.com\/pl\/products\/agregaty-sprezarkowo-skraplajace-alps-nano\/","title":{"rendered":"Agregaty spr\u0119\u017carkowo-skraplaj\u0105ce ALPS Nano"},"content":{"rendered":"<p data-path-to-node=\"12\"><b data-path-to-node=\"12\" data-index-in-node=\"0\">ALPS NANO<\/b> to seria zewn\u0119trznych agregat\u00f3w ch\u0142odniczych zaprojektowanych do ch\u0142odzenia \u015brednio- i niskotemperaturowego, z naciskiem na niezawodno\u015b\u0107, kompaktowo\u015b\u0107 i efektywno\u015b\u0107 energetyczn\u0105. Jest to gotowe do pod\u0142\u0105czenia rozwi\u0105zanie (<b data-path-to-node=\"12\" data-index-in-node=\"232\">Plug&amp;Play<\/b>), idealne dla przemys\u0142u spo\u017cywczego, centr\u00f3w logistycznych, handlu detalicznego oraz zak\u0142ad\u00f3w produkcyjnych.<\/p>\n<h2 data-path-to-node=\"13\">G\u0142\u00f3wne zalety agregat\u00f3w skraplaj\u0105cych ALPS Nano<\/h2>\n<ul data-path-to-node=\"14\">\n<li>\n<p data-path-to-node=\"14,0,0\"><b data-path-to-node=\"14,0,0\" data-index-in-node=\"0\">Nowoczesne wentylatory EC<\/b> z regulacj\u0105 pr\u0119dko\u015bci zapewniaj\u0105 cich\u0105 i stabiln\u0105 prac\u0119 nawet przy temperaturze otoczenia do <b data-path-to-node=\"14,0,0\" data-index-in-node=\"119\">+45\u00b0C<\/b>.<\/p>\n<\/li>\n<\/ul>\n","protected":false},"featured_media":1066,"template":"","product_category":[83],"class_list":["post-702","product","type-product","status-publish","has-post-thumbnail","hentry","product_category-agregaty-sprezarkowo-skraplajace-alps-nano"],"acf":[],"yoast_head":"<!-- This site is optimized with the Yoast SEO plugin v27.5 - https:\/\/yoast.com\/product\/yoast-seo-wordpress\/ -->\n<title>Agregaty ALPS Nano RMC | Kompaktowe rozwi\u0105zania ch\u0142odnicze<\/title>\n<meta name=\"description\" content=\"Poznaj ALPS Nano: kompaktowe agregaty ch\u0142odnicze \u015brednio- i niskotemperaturowe. Rozwi\u0105zanie Plug&amp;Play dla handlu i logistyki. Cicha praca, wysoka energooszcz\u0119dno\u015b\u0107 i szybki monta\u017c. Sprawd\u017a!\" \/>\n<meta name=\"robots\" content=\"index, follow, max-snippet:-1, max-image-preview:large, max-video-preview:-1\" \/>\n<link rel=\"canonical\" href=\"https:\/\/rmc-global.com\/pl\/products\/agregaty-sprezarkowo-skraplajace-alps-nano\/\" \/>\n<meta property=\"og:locale\" content=\"pl_PL\" \/>\n<meta property=\"og:type\" content=\"article\" \/>\n<meta property=\"og:title\" content=\"Agregaty ALPS Nano RMC | Kompaktowe rozwi\u0105zania ch\u0142odnicze\" \/>\n<meta property=\"og:description\" content=\"Poznaj ALPS Nano: kompaktowe agregaty ch\u0142odnicze \u015brednio- i niskotemperaturowe. Rozwi\u0105zanie Plug&amp;Play dla handlu i logistyki. Cicha praca, wysoka energooszcz\u0119dno\u015b\u0107 i szybki monta\u017c. Sprawd\u017a!\" \/>\n<meta property=\"og:url\" content=\"https:\/\/rmc-global.com\/pl\/products\/agregaty-sprezarkowo-skraplajace-alps-nano\/\" \/>\n<meta property=\"og:site_name\" content=\"rmc\" \/>\n<meta property=\"article:modified_time\" content=\"2026-03-26T11:01:04+00:00\" \/>\n<meta property=\"og:image\" content=\"https:\/\/rmc-global.com\/wp-content\/uploads\/2026\/01\/10a664e0-foto-nove-scaled.jpg\" \/>\n\t<meta property=\"og:image:width\" content=\"2560\" \/>\n\t<meta property=\"og:image:height\" content=\"1707\" \/>\n\t<meta property=\"og:image:type\" content=\"image\/jpeg\" \/>\n<meta name=\"twitter:card\" content=\"summary_large_image\" \/>\n<meta name=\"twitter:label1\" content=\"Szacowany czas czytania\" \/>\n\t<meta name=\"twitter:data1\" content=\"1 minuta\" \/>\n<script type=\"application\/ld+json\" class=\"yoast-schema-graph\">{\"@context\":\"https:\\\/\\\/schema.org\",\"@graph\":[{\"@type\":\"WebPage\",\"@id\":\"https:\\\/\\\/rmc-global.com\\\/pl\\\/products\\\/agregaty-sprezarkowo-skraplajace-alps-nano\\\/\",\"url\":\"https:\\\/\\\/rmc-global.com\\\/pl\\\/products\\\/agregaty-sprezarkowo-skraplajace-alps-nano\\\/\",\"name\":\"Agregaty ALPS Nano RMC | Kompaktowe rozwi\u0105zania ch\u0142odnicze\",\"isPartOf\":{\"@id\":\"https:\\\/\\\/rmc-global.com\\\/pl\\\/#website\"},\"primaryImageOfPage\":{\"@id\":\"https:\\\/\\\/rmc-global.com\\\/pl\\\/products\\\/agregaty-sprezarkowo-skraplajace-alps-nano\\\/#primaryimage\"},\"image\":{\"@id\":\"https:\\\/\\\/rmc-global.com\\\/pl\\\/products\\\/agregaty-sprezarkowo-skraplajace-alps-nano\\\/#primaryimage\"},\"thumbnailUrl\":\"https:\\\/\\\/rmc-global.com\\\/wp-content\\\/uploads\\\/2026\\\/01\\\/10a664e0-foto-nove-scaled.jpg\",\"datePublished\":\"2026-01-29T12:00:25+00:00\",\"dateModified\":\"2026-03-26T11:01:04+00:00\",\"description\":\"Poznaj ALPS Nano: kompaktowe agregaty ch\u0142odnicze \u015brednio- i niskotemperaturowe. Rozwi\u0105zanie Plug&Play dla handlu i logistyki. Cicha praca, wysoka energooszcz\u0119dno\u015b\u0107 i szybki monta\u017c. Sprawd\u017a!\",\"breadcrumb\":{\"@id\":\"https:\\\/\\\/rmc-global.com\\\/pl\\\/products\\\/agregaty-sprezarkowo-skraplajace-alps-nano\\\/#breadcrumb\"},\"inLanguage\":\"pl-PL\",\"potentialAction\":[{\"@type\":\"ReadAction\",\"target\":[\"https:\\\/\\\/rmc-global.com\\\/pl\\\/products\\\/agregaty-sprezarkowo-skraplajace-alps-nano\\\/\"]}]},{\"@type\":\"ImageObject\",\"inLanguage\":\"pl-PL\",\"@id\":\"https:\\\/\\\/rmc-global.com\\\/pl\\\/products\\\/agregaty-sprezarkowo-skraplajace-alps-nano\\\/#primaryimage\",\"url\":\"https:\\\/\\\/rmc-global.com\\\/wp-content\\\/uploads\\\/2026\\\/01\\\/10a664e0-foto-nove-scaled.jpg\",\"contentUrl\":\"https:\\\/\\\/rmc-global.com\\\/wp-content\\\/uploads\\\/2026\\\/01\\\/10a664e0-foto-nove-scaled.jpg\",\"width\":2560,\"height\":1707},{\"@type\":\"BreadcrumbList\",\"@id\":\"https:\\\/\\\/rmc-global.com\\\/pl\\\/products\\\/agregaty-sprezarkowo-skraplajace-alps-nano\\\/#breadcrumb\",\"itemListElement\":[{\"@type\":\"ListItem\",\"position\":1,\"name\":\"\u0413\u043e\u043b\u043e\u0432\u043d\u0430\",\"item\":\"https:\\\/\\\/rmc-global.com\\\/pl\\\/\"},{\"@type\":\"ListItem\",\"position\":2,\"name\":\"Produkt\",\"item\":\"https:\\\/\\\/rmc-global.com\\\/pl\\\/products\\\/\"},{\"@type\":\"ListItem\",\"position\":3,\"name\":\"Agregaty skraplaj\u0105ce ALPS\",\"item\":\"https:\\\/\\\/rmc-global.com\\\/pl\\\/product-category\\\/agregaty-skraplajace-alps\\\/\"},{\"@type\":\"ListItem\",\"position\":4,\"name\":\"Agregaty spr\u0119\u017carkowo-skraplaj\u0105ce ALPS Nano\",\"item\":\"https:\\\/\\\/rmc-global.com\\\/pl\\\/product-category\\\/agregaty-sprezarkowo-skraplajace-alps-nano\\\/\"},{\"@type\":\"ListItem\",\"position\":5,\"name\":\"Agregaty spr\u0119\u017carkowo-skraplaj\u0105ce ALPS Nano\"}]},{\"@type\":\"WebSite\",\"@id\":\"https:\\\/\\\/rmc-global.com\\\/pl\\\/#website\",\"url\":\"https:\\\/\\\/rmc-global.com\\\/pl\\\/\",\"name\":\"rmc\",\"description\":\"\",\"potentialAction\":[{\"@type\":\"SearchAction\",\"target\":{\"@type\":\"EntryPoint\",\"urlTemplate\":\"https:\\\/\\\/rmc-global.com\\\/pl\\\/?s={search_term_string}\"},\"query-input\":{\"@type\":\"PropertyValueSpecification\",\"valueRequired\":true,\"valueName\":\"search_term_string\"}}],\"inLanguage\":\"pl-PL\"}]}<\/script>\n<!-- \/ Yoast SEO plugin. -->","yoast_head_json":{"title":"Agregaty ALPS Nano RMC | Kompaktowe rozwi\u0105zania ch\u0142odnicze","description":"Poznaj ALPS Nano: kompaktowe agregaty ch\u0142odnicze \u015brednio- i niskotemperaturowe. Rozwi\u0105zanie Plug&Play dla handlu i logistyki. Cicha praca, wysoka energooszcz\u0119dno\u015b\u0107 i szybki monta\u017c. Sprawd\u017a!","robots":{"index":"index","follow":"follow","max-snippet":"max-snippet:-1","max-image-preview":"max-image-preview:large","max-video-preview":"max-video-preview:-1"},"canonical":"https:\/\/rmc-global.com\/pl\/products\/agregaty-sprezarkowo-skraplajace-alps-nano\/","og_locale":"pl_PL","og_type":"article","og_title":"Agregaty ALPS Nano RMC | Kompaktowe rozwi\u0105zania ch\u0142odnicze","og_description":"Poznaj ALPS Nano: kompaktowe agregaty ch\u0142odnicze \u015brednio- i niskotemperaturowe. Rozwi\u0105zanie Plug&Play dla handlu i logistyki. Cicha praca, wysoka energooszcz\u0119dno\u015b\u0107 i szybki monta\u017c. Sprawd\u017a!","og_url":"https:\/\/rmc-global.com\/pl\/products\/agregaty-sprezarkowo-skraplajace-alps-nano\/","og_site_name":"rmc","article_modified_time":"2026-03-26T11:01:04+00:00","og_image":[{"width":2560,"height":1707,"url":"https:\/\/rmc-global.com\/wp-content\/uploads\/2026\/01\/10a664e0-foto-nove-scaled.jpg","type":"image\/jpeg"}],"twitter_card":"summary_large_image","twitter_misc":{"Szacowany czas czytania":"1 minuta"},"schema":{"@context":"https:\/\/schema.org","@graph":[{"@type":"WebPage","@id":"https:\/\/rmc-global.com\/pl\/products\/agregaty-sprezarkowo-skraplajace-alps-nano\/","url":"https:\/\/rmc-global.com\/pl\/products\/agregaty-sprezarkowo-skraplajace-alps-nano\/","name":"Agregaty ALPS Nano RMC | Kompaktowe rozwi\u0105zania ch\u0142odnicze","isPartOf":{"@id":"https:\/\/rmc-global.com\/pl\/#website"},"primaryImageOfPage":{"@id":"https:\/\/rmc-global.com\/pl\/products\/agregaty-sprezarkowo-skraplajace-alps-nano\/#primaryimage"},"image":{"@id":"https:\/\/rmc-global.com\/pl\/products\/agregaty-sprezarkowo-skraplajace-alps-nano\/#primaryimage"},"thumbnailUrl":"https:\/\/rmc-global.com\/wp-content\/uploads\/2026\/01\/10a664e0-foto-nove-scaled.jpg","datePublished":"2026-01-29T12:00:25+00:00","dateModified":"2026-03-26T11:01:04+00:00","description":"Poznaj ALPS Nano: kompaktowe agregaty ch\u0142odnicze \u015brednio- i niskotemperaturowe. Rozwi\u0105zanie Plug&Play dla handlu i logistyki. Cicha praca, wysoka energooszcz\u0119dno\u015b\u0107 i szybki monta\u017c. Sprawd\u017a!","breadcrumb":{"@id":"https:\/\/rmc-global.com\/pl\/products\/agregaty-sprezarkowo-skraplajace-alps-nano\/#breadcrumb"},"inLanguage":"pl-PL","potentialAction":[{"@type":"ReadAction","target":["https:\/\/rmc-global.com\/pl\/products\/agregaty-sprezarkowo-skraplajace-alps-nano\/"]}]},{"@type":"ImageObject","inLanguage":"pl-PL","@id":"https:\/\/rmc-global.com\/pl\/products\/agregaty-sprezarkowo-skraplajace-alps-nano\/#primaryimage","url":"https:\/\/rmc-global.com\/wp-content\/uploads\/2026\/01\/10a664e0-foto-nove-scaled.jpg","contentUrl":"https:\/\/rmc-global.com\/wp-content\/uploads\/2026\/01\/10a664e0-foto-nove-scaled.jpg","width":2560,"height":1707},{"@type":"BreadcrumbList","@id":"https:\/\/rmc-global.com\/pl\/products\/agregaty-sprezarkowo-skraplajace-alps-nano\/#breadcrumb","itemListElement":[{"@type":"ListItem","position":1,"name":"\u0413\u043e\u043b\u043e\u0432\u043d\u0430","item":"https:\/\/rmc-global.com\/pl\/"},{"@type":"ListItem","position":2,"name":"Produkt","item":"https:\/\/rmc-global.com\/pl\/products\/"},{"@type":"ListItem","position":3,"name":"Agregaty skraplaj\u0105ce ALPS","item":"https:\/\/rmc-global.com\/pl\/product-category\/agregaty-skraplajace-alps\/"},{"@type":"ListItem","position":4,"name":"Agregaty spr\u0119\u017carkowo-skraplaj\u0105ce ALPS Nano","item":"https:\/\/rmc-global.com\/pl\/product-category\/agregaty-sprezarkowo-skraplajace-alps-nano\/"},{"@type":"ListItem","position":5,"name":"Agregaty spr\u0119\u017carkowo-skraplaj\u0105ce ALPS Nano"}]},{"@type":"WebSite","@id":"https:\/\/rmc-global.com\/pl\/#website","url":"https:\/\/rmc-global.com\/pl\/","name":"rmc","description":"","potentialAction":[{"@type":"SearchAction","target":{"@type":"EntryPoint","urlTemplate":"https:\/\/rmc-global.com\/pl\/?s={search_term_string}"},"query-input":{"@type":"PropertyValueSpecification","valueRequired":true,"valueName":"search_term_string"}}],"inLanguage":"pl-PL"}]}},"_links":{"self":[{"href":"https:\/\/rmc-global.com\/pl\/wp-json\/wp\/v2\/product\/702","targetHints":{"allow":["GET"]}}],"collection":[{"href":"https:\/\/rmc-global.com\/pl\/wp-json\/wp\/v2\/product"}],"about":[{"href":"https:\/\/rmc-global.com\/pl\/wp-json\/wp\/v2\/types\/product"}],"wp:featuredmedia":[{"embeddable":true,"href":"https:\/\/rmc-global.com\/pl\/wp-json\/wp\/v2\/media\/1066"}],"wp:attachment":[{"href":"https:\/\/rmc-global.com\/pl\/wp-json\/wp\/v2\/media?parent=702"}],"wp:term":[{"taxonomy":"product_category","embeddable":true,"href":"https:\/\/rmc-global.com\/pl\/wp-json\/wp\/v2\/product_category?post=702"}],"curies":[{"name":"wp","href":"https:\/\/api.w.org\/{rel}","templated":true}]}}