{"id":692,"date":"2026-01-28T13:14:12","date_gmt":"2026-01-28T11:14:12","guid":{"rendered":"https:\/\/rmc-global.com\/products\/szafa-sterownicza-rmc\/"},"modified":"2026-01-28T13:14:12","modified_gmt":"2026-01-28T11:14:12","slug":"szafa-sterownicza-rmc","status":"publish","type":"product","link":"https:\/\/rmc-global.com\/pl\/products\/szafa-sterownicza-rmc\/","title":{"rendered":"Szafa sterownicza RMC"},"content":{"rendered":"<p data-path-to-node=\"6\">Profesjonalne rozwi\u0105zanie do sterowania agregatami ch\u0142odniczymi, stacjami spr\u0119\u017carkowymi i komorami ch\u0142odniczymi.<\/p>\n<p data-path-to-node=\"6\"><b data-path-to-node=\"6\" data-index-in-node=\"0\">Cechy konstrukcyjne szaf sterowniczych RMC<\/b><\/p>\n<ul data-path-to-node=\"7\">\n<li>\n<p data-path-to-node=\"7,0,0\"><b data-path-to-node=\"7,0,0\" data-index-in-node=\"0\">Opcje monta\u017cu:<\/b> mo\u017cliwo\u015b\u0107 monta\u017cu na\u015bciennego lub integracji bezpo\u015brednio na ramie (w obudowie) agregatu.<\/p>\n<\/li>\n<li>\n<p data-path-to-node=\"7,1,0\"><b data-path-to-node=\"7,1,0\" data-index-in-node=\"0\">Pe\u0142na gotowo\u015b\u0107:<\/b> przy monta\u017cu na agregacie szafa sterownicza przechodzi pe\u0142ne fabryczne okablowanie, konfiguracj\u0119 i testowanie wszystkich parametr\u00f3w roboczych.<\/p>\n<\/li>\n<li>\n<p data-path-to-node=\"7,2,0\"><b data-path-to-node=\"7,2,0\" data-index-in-node=\"0\">System Click&amp;Use:<\/b> unikalna koncepcja \u201enaci\u015bnij i u\u017cywaj\u201d pozwala uruchomi\u0107 system na miejscu, wprowadzaj\u0105c tylko kilka podstawowych parametr\u00f3w.<\/p>\n<\/li>\n<li>\n<p data-path-to-node=\"7,3,0\"><b data-path-to-node=\"7,3,0\" data-index-in-node=\"0\">Niezawodne komponenty:<\/b> wykorzystanie komponent\u00f3w od \u015bwiatowych lider\u00f3w \u2014 <b data-path-to-node=\"7,3,0\" data-index-in-node=\"70\">Schneider Electric, Dixell, Carel, Danfoss<\/b>.<\/p>\n<\/li>\n<\/ul>\n","protected":false},"featured_media":685,"template":"","product_category":[42],"class_list":["post-692","product","type-product","status-publish","has-post-thumbnail","hentry","product_category-panele-sterowania"],"acf":[],"yoast_head":"<!-- This site is optimized with the Yoast SEO plugin v27.5 - https:\/\/yoast.com\/product\/yoast-seo-wordpress\/ -->\n<title>Szafa sterownicza RMC | System szybkiego uruchomienia Click&amp;Use<\/title>\n<meta name=\"description\" content=\"Profesjonalna szafa sterownicza RMC do agregat\u00f3w ch\u0142odniczych i kom\u00f3r. Fabryczne okablowanie, komponenty Schneider i Danfoss. \u0141atwe uruchomienie z Click&amp;Use.\" \/>\n<meta name=\"robots\" content=\"index, follow, max-snippet:-1, max-image-preview:large, max-video-preview:-1\" \/>\n<link rel=\"canonical\" href=\"https:\/\/rmc-global.com\/pl\/products\/szafa-sterownicza-rmc\/\" \/>\n<meta property=\"og:locale\" content=\"pl_PL\" \/>\n<meta property=\"og:type\" content=\"article\" \/>\n<meta property=\"og:title\" content=\"Szafa sterownicza RMC | System szybkiego uruchomienia Click&amp;Use\" \/>\n<meta property=\"og:description\" content=\"Profesjonalna szafa sterownicza RMC do agregat\u00f3w ch\u0142odniczych i kom\u00f3r. Fabryczne okablowanie, komponenty Schneider i Danfoss. \u0141atwe uruchomienie z Click&amp;Use.\" \/>\n<meta property=\"og:url\" content=\"https:\/\/rmc-global.com\/pl\/products\/szafa-sterownicza-rmc\/\" \/>\n<meta property=\"og:site_name\" content=\"rmc\" \/>\n<meta property=\"og:image\" content=\"https:\/\/rmc-global.com\/wp-content\/uploads\/2026\/01\/shhyt-upravlinnya-agregatom-4-scaled.jpg\" \/>\n\t<meta property=\"og:image:width\" content=\"2560\" \/>\n\t<meta property=\"og:image:height\" content=\"1707\" \/>\n\t<meta property=\"og:image:type\" content=\"image\/jpeg\" \/>\n<meta name=\"twitter:card\" content=\"summary_large_image\" \/>\n<script type=\"application\/ld+json\" class=\"yoast-schema-graph\">{\"@context\":\"https:\\\/\\\/schema.org\",\"@graph\":[{\"@type\":\"WebPage\",\"@id\":\"https:\\\/\\\/rmc-global.com\\\/pl\\\/products\\\/szafa-sterownicza-rmc\\\/\",\"url\":\"https:\\\/\\\/rmc-global.com\\\/pl\\\/products\\\/szafa-sterownicza-rmc\\\/\",\"name\":\"Szafa sterownicza RMC | System szybkiego uruchomienia Click&Use\",\"isPartOf\":{\"@id\":\"https:\\\/\\\/rmc-global.com\\\/pl\\\/#website\"},\"primaryImageOfPage\":{\"@id\":\"https:\\\/\\\/rmc-global.com\\\/pl\\\/products\\\/szafa-sterownicza-rmc\\\/#primaryimage\"},\"image\":{\"@id\":\"https:\\\/\\\/rmc-global.com\\\/pl\\\/products\\\/szafa-sterownicza-rmc\\\/#primaryimage\"},\"thumbnailUrl\":\"https:\\\/\\\/rmc-global.com\\\/wp-content\\\/uploads\\\/2026\\\/01\\\/shhyt-upravlinnya-agregatom-4-scaled.jpg\",\"datePublished\":\"2026-01-28T11:14:12+00:00\",\"description\":\"Profesjonalna szafa sterownicza RMC do agregat\u00f3w ch\u0142odniczych i kom\u00f3r. Fabryczne okablowanie, komponenty Schneider i Danfoss. \u0141atwe uruchomienie z Click&Use.\",\"breadcrumb\":{\"@id\":\"https:\\\/\\\/rmc-global.com\\\/pl\\\/products\\\/szafa-sterownicza-rmc\\\/#breadcrumb\"},\"inLanguage\":\"pl-PL\",\"potentialAction\":[{\"@type\":\"ReadAction\",\"target\":[\"https:\\\/\\\/rmc-global.com\\\/pl\\\/products\\\/szafa-sterownicza-rmc\\\/\"]}]},{\"@type\":\"ImageObject\",\"inLanguage\":\"pl-PL\",\"@id\":\"https:\\\/\\\/rmc-global.com\\\/pl\\\/products\\\/szafa-sterownicza-rmc\\\/#primaryimage\",\"url\":\"https:\\\/\\\/rmc-global.com\\\/wp-content\\\/uploads\\\/2026\\\/01\\\/shhyt-upravlinnya-agregatom-4-scaled.jpg\",\"contentUrl\":\"https:\\\/\\\/rmc-global.com\\\/wp-content\\\/uploads\\\/2026\\\/01\\\/shhyt-upravlinnya-agregatom-4-scaled.jpg\",\"width\":2560,\"height\":1707},{\"@type\":\"BreadcrumbList\",\"@id\":\"https:\\\/\\\/rmc-global.com\\\/pl\\\/products\\\/szafa-sterownicza-rmc\\\/#breadcrumb\",\"itemListElement\":[{\"@type\":\"ListItem\",\"position\":1,\"name\":\"\u0413\u043e\u043b\u043e\u0432\u043d\u0430\",\"item\":\"https:\\\/\\\/rmc-global.com\\\/pl\\\/\"},{\"@type\":\"ListItem\",\"position\":2,\"name\":\"Produkt\",\"item\":\"https:\\\/\\\/rmc-global.com\\\/pl\\\/products\\\/\"},{\"@type\":\"ListItem\",\"position\":3,\"name\":\"Szafa sterownicza RMC\"}]},{\"@type\":\"WebSite\",\"@id\":\"https:\\\/\\\/rmc-global.com\\\/pl\\\/#website\",\"url\":\"https:\\\/\\\/rmc-global.com\\\/pl\\\/\",\"name\":\"rmc\",\"description\":\"\",\"potentialAction\":[{\"@type\":\"SearchAction\",\"target\":{\"@type\":\"EntryPoint\",\"urlTemplate\":\"https:\\\/\\\/rmc-global.com\\\/pl\\\/?s={search_term_string}\"},\"query-input\":{\"@type\":\"PropertyValueSpecification\",\"valueRequired\":true,\"valueName\":\"search_term_string\"}}],\"inLanguage\":\"pl-PL\"}]}<\/script>\n<!-- \/ Yoast SEO plugin. -->","yoast_head_json":{"title":"Szafa sterownicza RMC | System szybkiego uruchomienia Click&Use","description":"Profesjonalna szafa sterownicza RMC do agregat\u00f3w ch\u0142odniczych i kom\u00f3r. Fabryczne okablowanie, komponenty Schneider i Danfoss. \u0141atwe uruchomienie z Click&Use.","robots":{"index":"index","follow":"follow","max-snippet":"max-snippet:-1","max-image-preview":"max-image-preview:large","max-video-preview":"max-video-preview:-1"},"canonical":"https:\/\/rmc-global.com\/pl\/products\/szafa-sterownicza-rmc\/","og_locale":"pl_PL","og_type":"article","og_title":"Szafa sterownicza RMC | System szybkiego uruchomienia Click&Use","og_description":"Profesjonalna szafa sterownicza RMC do agregat\u00f3w ch\u0142odniczych i kom\u00f3r. Fabryczne okablowanie, komponenty Schneider i Danfoss. \u0141atwe uruchomienie z Click&Use.","og_url":"https:\/\/rmc-global.com\/pl\/products\/szafa-sterownicza-rmc\/","og_site_name":"rmc","og_image":[{"width":2560,"height":1707,"url":"https:\/\/rmc-global.com\/wp-content\/uploads\/2026\/01\/shhyt-upravlinnya-agregatom-4-scaled.jpg","type":"image\/jpeg"}],"twitter_card":"summary_large_image","schema":{"@context":"https:\/\/schema.org","@graph":[{"@type":"WebPage","@id":"https:\/\/rmc-global.com\/pl\/products\/szafa-sterownicza-rmc\/","url":"https:\/\/rmc-global.com\/pl\/products\/szafa-sterownicza-rmc\/","name":"Szafa sterownicza RMC | System szybkiego uruchomienia Click&Use","isPartOf":{"@id":"https:\/\/rmc-global.com\/pl\/#website"},"primaryImageOfPage":{"@id":"https:\/\/rmc-global.com\/pl\/products\/szafa-sterownicza-rmc\/#primaryimage"},"image":{"@id":"https:\/\/rmc-global.com\/pl\/products\/szafa-sterownicza-rmc\/#primaryimage"},"thumbnailUrl":"https:\/\/rmc-global.com\/wp-content\/uploads\/2026\/01\/shhyt-upravlinnya-agregatom-4-scaled.jpg","datePublished":"2026-01-28T11:14:12+00:00","description":"Profesjonalna szafa sterownicza RMC do agregat\u00f3w ch\u0142odniczych i kom\u00f3r. Fabryczne okablowanie, komponenty Schneider i Danfoss. \u0141atwe uruchomienie z Click&Use.","breadcrumb":{"@id":"https:\/\/rmc-global.com\/pl\/products\/szafa-sterownicza-rmc\/#breadcrumb"},"inLanguage":"pl-PL","potentialAction":[{"@type":"ReadAction","target":["https:\/\/rmc-global.com\/pl\/products\/szafa-sterownicza-rmc\/"]}]},{"@type":"ImageObject","inLanguage":"pl-PL","@id":"https:\/\/rmc-global.com\/pl\/products\/szafa-sterownicza-rmc\/#primaryimage","url":"https:\/\/rmc-global.com\/wp-content\/uploads\/2026\/01\/shhyt-upravlinnya-agregatom-4-scaled.jpg","contentUrl":"https:\/\/rmc-global.com\/wp-content\/uploads\/2026\/01\/shhyt-upravlinnya-agregatom-4-scaled.jpg","width":2560,"height":1707},{"@type":"BreadcrumbList","@id":"https:\/\/rmc-global.com\/pl\/products\/szafa-sterownicza-rmc\/#breadcrumb","itemListElement":[{"@type":"ListItem","position":1,"name":"\u0413\u043e\u043b\u043e\u0432\u043d\u0430","item":"https:\/\/rmc-global.com\/pl\/"},{"@type":"ListItem","position":2,"name":"Produkt","item":"https:\/\/rmc-global.com\/pl\/products\/"},{"@type":"ListItem","position":3,"name":"Szafa sterownicza RMC"}]},{"@type":"WebSite","@id":"https:\/\/rmc-global.com\/pl\/#website","url":"https:\/\/rmc-global.com\/pl\/","name":"rmc","description":"","potentialAction":[{"@type":"SearchAction","target":{"@type":"EntryPoint","urlTemplate":"https:\/\/rmc-global.com\/pl\/?s={search_term_string}"},"query-input":{"@type":"PropertyValueSpecification","valueRequired":true,"valueName":"search_term_string"}}],"inLanguage":"pl-PL"}]}},"_links":{"self":[{"href":"https:\/\/rmc-global.com\/pl\/wp-json\/wp\/v2\/product\/692","targetHints":{"allow":["GET"]}}],"collection":[{"href":"https:\/\/rmc-global.com\/pl\/wp-json\/wp\/v2\/product"}],"about":[{"href":"https:\/\/rmc-global.com\/pl\/wp-json\/wp\/v2\/types\/product"}],"wp:featuredmedia":[{"embeddable":true,"href":"https:\/\/rmc-global.com\/pl\/wp-json\/wp\/v2\/media\/685"}],"wp:attachment":[{"href":"https:\/\/rmc-global.com\/pl\/wp-json\/wp\/v2\/media?parent=692"}],"wp:term":[{"taxonomy":"product_category","embeddable":true,"href":"https:\/\/rmc-global.com\/pl\/wp-json\/wp\/v2\/product_category?post=692"}],"curies":[{"name":"wp","href":"https:\/\/api.w.org\/{rel}","templated":true}]}}