{"id":650,"date":"2026-01-28T10:36:50","date_gmt":"2026-01-28T08:36:50","guid":{"rendered":"https:\/\/rmc-global.com\/?post_type=product&#038;p=650"},"modified":"2026-01-28T11:29:07","modified_gmt":"2026-01-28T09:29:07","slug":"chiller-rmc-ul","status":"publish","type":"product","link":"https:\/\/rmc-global.com\/pl\/products\/chiller-rmc-ul\/","title":{"rendered":"Chiller RMC-UL"},"content":{"rendered":"<p data-path-to-node=\"8\">Chiller RMC zapewnia wydajne ch\u0142odzenie wody, glikolu lub innych p\u0142yn\u00f3w technologicznych, gwarantuj\u0105c stabilno\u015b\u0107 proces\u00f3w przemys\u0142owych oraz pracy urz\u0105dze\u0144.<\/p>\n<h2 data-path-to-node=\"9\">Cechy konstrukcyjne chillera RMC<\/h2>\n<ul data-path-to-node=\"10\">\n<li>\n<p data-path-to-node=\"10,0,0\"><b data-path-to-node=\"10,0,0\" data-index-in-node=\"0\">Komponenty:<\/b> wyposa\u017cony w wysokowydajne spr\u0119\u017carki oraz efektywne skraplacze i parowniki, zapewniaj\u0105ce maksymaln\u0105 energooszcz\u0119dno\u015b\u0107.<\/p>\n<\/li>\n<li>\n<p data-path-to-node=\"10,1,0\"><b data-path-to-node=\"10,1,0\" data-index-in-node=\"0\">Wersje:<\/b> dost\u0119pny zar\u00f3wno w <b data-path-to-node=\"10,1,0\" data-index-in-node=\"27\">wykonaniu monoblokowym<\/b> (w tym w obudowie d\u017awi\u0119koch\u0142onnej), jak i w <b data-path-to-node=\"10,1,0\" data-index-in-node=\"94\">wariancie modu\u0142owym<\/b>.<\/p>\n<\/li>\n<li>\n<p data-path-to-node=\"10,2,0\"><b data-path-to-node=\"10,2,0\" data-index-in-node=\"0\">Elastyczno\u015b\u0107:<\/b> przemy\u015blana konstrukcja pozwala na \u0142atw\u0105 integracj\u0119 chillera z dowolnym istniej\u0105cym lub nowym systemem.<\/p>\n<\/li>\n<\/ul>\n","protected":false},"featured_media":649,"template":"","product_category":[40],"class_list":["post-650","product","type-product","status-publish","has-post-thumbnail","hentry","product_category-chlodziarki"],"acf":[],"yoast_head":"<!-- This site is optimized with the Yoast SEO plugin v27.5 - https:\/\/yoast.com\/product\/yoast-seo-wordpress\/ -->\n<title>Chiller RMC-UL - rmc<\/title>\n<meta name=\"description\" content=\"Wydajne chillery RMC dla proces\u00f3w przemys\u0142owych i klimatyzacji. Wersje monoblokowe i modu\u0142owe, obudowy d\u017awi\u0119koch\u0142onne.\" \/>\n<meta name=\"robots\" content=\"index, follow, max-snippet:-1, max-image-preview:large, max-video-preview:-1\" \/>\n<link rel=\"canonical\" href=\"https:\/\/rmc-global.com\/pl\/products\/chiller-rmc-ul\/\" \/>\n<meta property=\"og:locale\" content=\"pl_PL\" \/>\n<meta property=\"og:type\" content=\"article\" \/>\n<meta property=\"og:title\" content=\"Chiller RMC-UL - rmc\" \/>\n<meta property=\"og:description\" content=\"Wydajne chillery RMC dla proces\u00f3w przemys\u0142owych i klimatyzacji. Wersje monoblokowe i modu\u0142owe, obudowy d\u017awi\u0119koch\u0142onne.\" \/>\n<meta property=\"og:url\" content=\"https:\/\/rmc-global.com\/pl\/products\/chiller-rmc-ul\/\" \/>\n<meta property=\"og:site_name\" content=\"rmc\" \/>\n<meta property=\"article:modified_time\" content=\"2026-01-28T09:29:07+00:00\" \/>\n<meta property=\"og:image\" content=\"https:\/\/rmc-global.com\/wp-content\/uploads\/2026\/01\/chylery-1.jpg\" \/>\n\t<meta property=\"og:image:width\" content=\"724\" \/>\n\t<meta property=\"og:image:height\" content=\"482\" \/>\n\t<meta property=\"og:image:type\" content=\"image\/jpeg\" \/>\n<meta name=\"twitter:card\" content=\"summary_large_image\" \/>\n<meta name=\"twitter:label1\" content=\"Szacowany czas czytania\" \/>\n\t<meta name=\"twitter:data1\" content=\"1 minuta\" \/>\n<script type=\"application\/ld+json\" class=\"yoast-schema-graph\">{\"@context\":\"https:\\\/\\\/schema.org\",\"@graph\":[{\"@type\":\"WebPage\",\"@id\":\"https:\\\/\\\/rmc-global.com\\\/pl\\\/products\\\/chiller-rmc-ul\\\/\",\"url\":\"https:\\\/\\\/rmc-global.com\\\/pl\\\/products\\\/chiller-rmc-ul\\\/\",\"name\":\"Chiller RMC-UL - rmc\",\"isPartOf\":{\"@id\":\"https:\\\/\\\/rmc-global.com\\\/pl\\\/#website\"},\"primaryImageOfPage\":{\"@id\":\"https:\\\/\\\/rmc-global.com\\\/pl\\\/products\\\/chiller-rmc-ul\\\/#primaryimage\"},\"image\":{\"@id\":\"https:\\\/\\\/rmc-global.com\\\/pl\\\/products\\\/chiller-rmc-ul\\\/#primaryimage\"},\"thumbnailUrl\":\"https:\\\/\\\/rmc-global.com\\\/wp-content\\\/uploads\\\/2026\\\/01\\\/chylery-1.jpg\",\"datePublished\":\"2026-01-28T08:36:50+00:00\",\"dateModified\":\"2026-01-28T09:29:07+00:00\",\"description\":\"Wydajne chillery RMC dla proces\u00f3w przemys\u0142owych i klimatyzacji. Wersje monoblokowe i modu\u0142owe, obudowy d\u017awi\u0119koch\u0142onne.\",\"breadcrumb\":{\"@id\":\"https:\\\/\\\/rmc-global.com\\\/pl\\\/products\\\/chiller-rmc-ul\\\/#breadcrumb\"},\"inLanguage\":\"pl-PL\",\"potentialAction\":[{\"@type\":\"ReadAction\",\"target\":[\"https:\\\/\\\/rmc-global.com\\\/pl\\\/products\\\/chiller-rmc-ul\\\/\"]}]},{\"@type\":\"ImageObject\",\"inLanguage\":\"pl-PL\",\"@id\":\"https:\\\/\\\/rmc-global.com\\\/pl\\\/products\\\/chiller-rmc-ul\\\/#primaryimage\",\"url\":\"https:\\\/\\\/rmc-global.com\\\/wp-content\\\/uploads\\\/2026\\\/01\\\/chylery-1.jpg\",\"contentUrl\":\"https:\\\/\\\/rmc-global.com\\\/wp-content\\\/uploads\\\/2026\\\/01\\\/chylery-1.jpg\",\"width\":724,\"height\":482},{\"@type\":\"BreadcrumbList\",\"@id\":\"https:\\\/\\\/rmc-global.com\\\/pl\\\/products\\\/chiller-rmc-ul\\\/#breadcrumb\",\"itemListElement\":[{\"@type\":\"ListItem\",\"position\":1,\"name\":\"\u0413\u043e\u043b\u043e\u0432\u043d\u0430\",\"item\":\"https:\\\/\\\/rmc-global.com\\\/pl\\\/\"},{\"@type\":\"ListItem\",\"position\":2,\"name\":\"Produkt\",\"item\":\"https:\\\/\\\/rmc-global.com\\\/pl\\\/products\\\/\"},{\"@type\":\"ListItem\",\"position\":3,\"name\":\"Ch\u0142odziarki\",\"item\":\"https:\\\/\\\/rmc-global.com\\\/pl\\\/product-category\\\/chlodziarki\\\/\"},{\"@type\":\"ListItem\",\"position\":4,\"name\":\"Chiller RMC-UL\"}]},{\"@type\":\"WebSite\",\"@id\":\"https:\\\/\\\/rmc-global.com\\\/pl\\\/#website\",\"url\":\"https:\\\/\\\/rmc-global.com\\\/pl\\\/\",\"name\":\"rmc\",\"description\":\"\",\"potentialAction\":[{\"@type\":\"SearchAction\",\"target\":{\"@type\":\"EntryPoint\",\"urlTemplate\":\"https:\\\/\\\/rmc-global.com\\\/pl\\\/?s={search_term_string}\"},\"query-input\":{\"@type\":\"PropertyValueSpecification\",\"valueRequired\":true,\"valueName\":\"search_term_string\"}}],\"inLanguage\":\"pl-PL\"}]}<\/script>\n<!-- \/ Yoast SEO plugin. -->","yoast_head_json":{"title":"Chiller RMC-UL - rmc","description":"Wydajne chillery RMC dla proces\u00f3w przemys\u0142owych i klimatyzacji. Wersje monoblokowe i modu\u0142owe, obudowy d\u017awi\u0119koch\u0142onne.","robots":{"index":"index","follow":"follow","max-snippet":"max-snippet:-1","max-image-preview":"max-image-preview:large","max-video-preview":"max-video-preview:-1"},"canonical":"https:\/\/rmc-global.com\/pl\/products\/chiller-rmc-ul\/","og_locale":"pl_PL","og_type":"article","og_title":"Chiller RMC-UL - rmc","og_description":"Wydajne chillery RMC dla proces\u00f3w przemys\u0142owych i klimatyzacji. Wersje monoblokowe i modu\u0142owe, obudowy d\u017awi\u0119koch\u0142onne.","og_url":"https:\/\/rmc-global.com\/pl\/products\/chiller-rmc-ul\/","og_site_name":"rmc","article_modified_time":"2026-01-28T09:29:07+00:00","og_image":[{"width":724,"height":482,"url":"https:\/\/rmc-global.com\/wp-content\/uploads\/2026\/01\/chylery-1.jpg","type":"image\/jpeg"}],"twitter_card":"summary_large_image","twitter_misc":{"Szacowany czas czytania":"1 minuta"},"schema":{"@context":"https:\/\/schema.org","@graph":[{"@type":"WebPage","@id":"https:\/\/rmc-global.com\/pl\/products\/chiller-rmc-ul\/","url":"https:\/\/rmc-global.com\/pl\/products\/chiller-rmc-ul\/","name":"Chiller RMC-UL - rmc","isPartOf":{"@id":"https:\/\/rmc-global.com\/pl\/#website"},"primaryImageOfPage":{"@id":"https:\/\/rmc-global.com\/pl\/products\/chiller-rmc-ul\/#primaryimage"},"image":{"@id":"https:\/\/rmc-global.com\/pl\/products\/chiller-rmc-ul\/#primaryimage"},"thumbnailUrl":"https:\/\/rmc-global.com\/wp-content\/uploads\/2026\/01\/chylery-1.jpg","datePublished":"2026-01-28T08:36:50+00:00","dateModified":"2026-01-28T09:29:07+00:00","description":"Wydajne chillery RMC dla proces\u00f3w przemys\u0142owych i klimatyzacji. Wersje monoblokowe i modu\u0142owe, obudowy d\u017awi\u0119koch\u0142onne.","breadcrumb":{"@id":"https:\/\/rmc-global.com\/pl\/products\/chiller-rmc-ul\/#breadcrumb"},"inLanguage":"pl-PL","potentialAction":[{"@type":"ReadAction","target":["https:\/\/rmc-global.com\/pl\/products\/chiller-rmc-ul\/"]}]},{"@type":"ImageObject","inLanguage":"pl-PL","@id":"https:\/\/rmc-global.com\/pl\/products\/chiller-rmc-ul\/#primaryimage","url":"https:\/\/rmc-global.com\/wp-content\/uploads\/2026\/01\/chylery-1.jpg","contentUrl":"https:\/\/rmc-global.com\/wp-content\/uploads\/2026\/01\/chylery-1.jpg","width":724,"height":482},{"@type":"BreadcrumbList","@id":"https:\/\/rmc-global.com\/pl\/products\/chiller-rmc-ul\/#breadcrumb","itemListElement":[{"@type":"ListItem","position":1,"name":"\u0413\u043e\u043b\u043e\u0432\u043d\u0430","item":"https:\/\/rmc-global.com\/pl\/"},{"@type":"ListItem","position":2,"name":"Produkt","item":"https:\/\/rmc-global.com\/pl\/products\/"},{"@type":"ListItem","position":3,"name":"Ch\u0142odziarki","item":"https:\/\/rmc-global.com\/pl\/product-category\/chlodziarki\/"},{"@type":"ListItem","position":4,"name":"Chiller RMC-UL"}]},{"@type":"WebSite","@id":"https:\/\/rmc-global.com\/pl\/#website","url":"https:\/\/rmc-global.com\/pl\/","name":"rmc","description":"","potentialAction":[{"@type":"SearchAction","target":{"@type":"EntryPoint","urlTemplate":"https:\/\/rmc-global.com\/pl\/?s={search_term_string}"},"query-input":{"@type":"PropertyValueSpecification","valueRequired":true,"valueName":"search_term_string"}}],"inLanguage":"pl-PL"}]}},"_links":{"self":[{"href":"https:\/\/rmc-global.com\/pl\/wp-json\/wp\/v2\/product\/650","targetHints":{"allow":["GET"]}}],"collection":[{"href":"https:\/\/rmc-global.com\/pl\/wp-json\/wp\/v2\/product"}],"about":[{"href":"https:\/\/rmc-global.com\/pl\/wp-json\/wp\/v2\/types\/product"}],"wp:featuredmedia":[{"embeddable":true,"href":"https:\/\/rmc-global.com\/pl\/wp-json\/wp\/v2\/media\/649"}],"wp:attachment":[{"href":"https:\/\/rmc-global.com\/pl\/wp-json\/wp\/v2\/media?parent=650"}],"wp:term":[{"taxonomy":"product_category","embeddable":true,"href":"https:\/\/rmc-global.com\/pl\/wp-json\/wp\/v2\/product_category?post=650"}],"curies":[{"name":"wp","href":"https:\/\/api.w.org\/{rel}","templated":true}]}}