{"id":637,"date":"2025-12-30T13:26:22","date_gmt":"2025-12-30T11:26:22","guid":{"rendered":"https:\/\/rmc-global.com\/?post_type=product&#038;p=637"},"modified":"2026-02-20T13:25:49","modified_gmt":"2026-02-20T11:25:49","slug":"stacja-sprezarkowa-olimp-minipack-co2","status":"publish","type":"product","link":"https:\/\/rmc-global.com\/pl\/products\/stacja-sprezarkowa-olimp-minipack-co2\/","title":{"rendered":"Stacja spr\u0119\u017carkowa OLIMP Minipack CO2"},"content":{"rendered":"<h2 data-path-to-node=\"12\"><b data-path-to-node=\"12\" data-index-in-node=\"0\">Cechy konstrukcyjne OLIMP Minipack CO2<\/b><\/h2>\n<ul data-path-to-node=\"13\">\n<li>\n<p data-path-to-node=\"13,0,0\"><b data-path-to-node=\"13,0,0\" data-index-in-node=\"0\">Czynnik ch\u0142odniczy:<\/b> przeznaczona do pracy \u0437 <b data-path-to-node=\"13,0,0\" data-index-in-node=\"44\">CO\u2082 (R744)<\/b>.<\/p>\n<\/li>\n<li>\n<p data-path-to-node=\"13,1,0\"><b data-path-to-node=\"13,1,0\" data-index-in-node=\"0\">Konstrukcja:<\/b> wykonana w kompaktowej <b data-path-to-node=\"13,1,0\" data-index-in-node=\"36\">obudowie d\u017awi\u0119koch\u0142onnej<\/b>.<\/p>\n<\/li>\n<li>\n<p data-path-to-node=\"13,2,0\"><b data-path-to-node=\"13,2,0\" data-index-in-node=\"0\">Typ:<\/b> cichy agregat idealny do zastosowania w supermarketach i sklepach (retail).<\/p>\n<\/li>\n<li>\n<p data-path-to-node=\"13,3,0\"><b data-path-to-node=\"13,3,0\" data-index-in-node=\"0\">Obiegi:<\/b> zaprojektowana do pracy zar\u00f3wno w cyklu <b data-path-to-node=\"13,3,0\" data-index-in-node=\"48\">transkrytycznym<\/b>, jak i <b data-path-to-node=\"13,3,0\" data-index-in-node=\"71\">podkrytycznym<\/b>.<\/p>\n<\/li>\n<li>\n<p data-path-to-node=\"13,4,0\"><b data-path-to-node=\"13,4,0\" data-index-in-node=\"0\">Wydajno\u015b\u0107 ch\u0142odnicza:<\/b><\/p>\n<ol data-path-to-node=\"13,4,1\">\n<li>\n<p data-path-to-node=\"13,4,1,0,0\">stopie\u0144 niskotemperaturowy: <b data-path-to-node=\"13,4,1,0,0\" data-index-in-node=\"28\">od 4 do 13 kW<\/b>;<\/p>\n<\/li>\n<li>\n<p data-path-to-node=\"13,4,1,1,0\">stopie\u0144 \u015bredniotemperaturowy: <b data-path-to-node=\"13,4,1,1,0\" data-index-in-node=\"30\">od 11 do 44 kW<\/b>.<\/p>\n<\/li>\n<\/ol>\n<\/li>\n<\/ul>\n","protected":false},"featured_media":636,"template":"","product_category":[34,36,71],"class_list":["post-637","product","type-product","status-publish","has-post-thumbnail","hentry","product_category-stacje-sprezarkowe","product_category-stacje-sprezarkowe-co2-olimp","product_category-systemy-chlodnicze-na-co2"],"acf":[],"yoast_head":"<!-- This site is optimized with the Yoast SEO plugin v27.5 - https:\/\/yoast.com\/product\/yoast-seo-wordpress\/ -->\n<title>Stacja spr\u0119\u017carkowa OLIMP Minipack CO2 | RMC<\/title>\n<meta name=\"description\" content=\"Stacja spr\u0119\u017carkowa OLIMP Minipack CO2 dla supermarket\u00f3w i sklep\u00f3w. Obudowa d\u017awi\u0119koch\u0142onna, wydajno\u015b\u0107 4\u201344 kW, praca w cyklu transkrytycznym. Ekologiczny czynnik R744.\" \/>\n<meta name=\"robots\" content=\"index, follow, max-snippet:-1, max-image-preview:large, max-video-preview:-1\" \/>\n<link rel=\"canonical\" href=\"https:\/\/rmc-global.com\/pl\/products\/stacja-sprezarkowa-olimp-minipack-co2\/\" \/>\n<meta property=\"og:locale\" content=\"pl_PL\" \/>\n<meta property=\"og:type\" content=\"article\" \/>\n<meta property=\"og:title\" content=\"Stacja spr\u0119\u017carkowa OLIMP Minipack CO2 | RMC\" \/>\n<meta property=\"og:description\" content=\"Stacja spr\u0119\u017carkowa OLIMP Minipack CO2 dla supermarket\u00f3w i sklep\u00f3w. Obudowa d\u017awi\u0119koch\u0142onna, wydajno\u015b\u0107 4\u201344 kW, praca w cyklu transkrytycznym. Ekologiczny czynnik R744.\" \/>\n<meta property=\"og:url\" content=\"https:\/\/rmc-global.com\/pl\/products\/stacja-sprezarkowa-olimp-minipack-co2\/\" \/>\n<meta property=\"og:site_name\" content=\"rmc\" \/>\n<meta property=\"article:modified_time\" content=\"2026-02-20T11:25:49+00:00\" \/>\n<meta property=\"og:image\" content=\"https:\/\/rmc-global.com\/wp-content\/uploads\/2025\/12\/olimp-minipack-co2-scaled.jpg\" \/>\n\t<meta property=\"og:image:width\" content=\"1833\" \/>\n\t<meta property=\"og:image:height\" content=\"2560\" \/>\n\t<meta property=\"og:image:type\" content=\"image\/jpeg\" \/>\n<meta name=\"twitter:card\" content=\"summary_large_image\" \/>\n<meta name=\"twitter:label1\" content=\"Szacowany czas czytania\" \/>\n\t<meta name=\"twitter:data1\" content=\"1 minuta\" \/>\n<script type=\"application\/ld+json\" class=\"yoast-schema-graph\">{\"@context\":\"https:\\\/\\\/schema.org\",\"@graph\":[{\"@type\":\"WebPage\",\"@id\":\"https:\\\/\\\/rmc-global.com\\\/pl\\\/products\\\/stacja-sprezarkowa-olimp-minipack-co2\\\/\",\"url\":\"https:\\\/\\\/rmc-global.com\\\/pl\\\/products\\\/stacja-sprezarkowa-olimp-minipack-co2\\\/\",\"name\":\"Stacja spr\u0119\u017carkowa OLIMP Minipack CO2 | RMC\",\"isPartOf\":{\"@id\":\"https:\\\/\\\/rmc-global.com\\\/pl\\\/#website\"},\"primaryImageOfPage\":{\"@id\":\"https:\\\/\\\/rmc-global.com\\\/pl\\\/products\\\/stacja-sprezarkowa-olimp-minipack-co2\\\/#primaryimage\"},\"image\":{\"@id\":\"https:\\\/\\\/rmc-global.com\\\/pl\\\/products\\\/stacja-sprezarkowa-olimp-minipack-co2\\\/#primaryimage\"},\"thumbnailUrl\":\"https:\\\/\\\/rmc-global.com\\\/wp-content\\\/uploads\\\/2025\\\/12\\\/olimp-minipack-co2-scaled.jpg\",\"datePublished\":\"2025-12-30T11:26:22+00:00\",\"dateModified\":\"2026-02-20T11:25:49+00:00\",\"description\":\"Stacja spr\u0119\u017carkowa OLIMP Minipack CO2 dla supermarket\u00f3w i sklep\u00f3w. Obudowa d\u017awi\u0119koch\u0142onna, wydajno\u015b\u0107 4\u201344 kW, praca w cyklu transkrytycznym. Ekologiczny czynnik R744.\",\"breadcrumb\":{\"@id\":\"https:\\\/\\\/rmc-global.com\\\/pl\\\/products\\\/stacja-sprezarkowa-olimp-minipack-co2\\\/#breadcrumb\"},\"inLanguage\":\"pl-PL\",\"potentialAction\":[{\"@type\":\"ReadAction\",\"target\":[\"https:\\\/\\\/rmc-global.com\\\/pl\\\/products\\\/stacja-sprezarkowa-olimp-minipack-co2\\\/\"]}]},{\"@type\":\"ImageObject\",\"inLanguage\":\"pl-PL\",\"@id\":\"https:\\\/\\\/rmc-global.com\\\/pl\\\/products\\\/stacja-sprezarkowa-olimp-minipack-co2\\\/#primaryimage\",\"url\":\"https:\\\/\\\/rmc-global.com\\\/wp-content\\\/uploads\\\/2025\\\/12\\\/olimp-minipack-co2-scaled.jpg\",\"contentUrl\":\"https:\\\/\\\/rmc-global.com\\\/wp-content\\\/uploads\\\/2025\\\/12\\\/olimp-minipack-co2-scaled.jpg\",\"width\":1833,\"height\":2560},{\"@type\":\"BreadcrumbList\",\"@id\":\"https:\\\/\\\/rmc-global.com\\\/pl\\\/products\\\/stacja-sprezarkowa-olimp-minipack-co2\\\/#breadcrumb\",\"itemListElement\":[{\"@type\":\"ListItem\",\"position\":1,\"name\":\"\u0413\u043e\u043b\u043e\u0432\u043d\u0430\",\"item\":\"https:\\\/\\\/rmc-global.com\\\/pl\\\/\"},{\"@type\":\"ListItem\",\"position\":2,\"name\":\"Produkt\",\"item\":\"https:\\\/\\\/rmc-global.com\\\/pl\\\/products\\\/\"},{\"@type\":\"ListItem\",\"position\":3,\"name\":\"Stacje spr\u0119\u017carkowe\",\"item\":\"https:\\\/\\\/rmc-global.com\\\/pl\\\/product-category\\\/stacje-sprezarkowe\\\/\"},{\"@type\":\"ListItem\",\"position\":4,\"name\":\"Stacja spr\u0119\u017carkowa OLIMP Minipack CO2\"}]},{\"@type\":\"WebSite\",\"@id\":\"https:\\\/\\\/rmc-global.com\\\/pl\\\/#website\",\"url\":\"https:\\\/\\\/rmc-global.com\\\/pl\\\/\",\"name\":\"rmc\",\"description\":\"\",\"potentialAction\":[{\"@type\":\"SearchAction\",\"target\":{\"@type\":\"EntryPoint\",\"urlTemplate\":\"https:\\\/\\\/rmc-global.com\\\/pl\\\/?s={search_term_string}\"},\"query-input\":{\"@type\":\"PropertyValueSpecification\",\"valueRequired\":true,\"valueName\":\"search_term_string\"}}],\"inLanguage\":\"pl-PL\"}]}<\/script>\n<!-- \/ Yoast SEO plugin. -->","yoast_head_json":{"title":"Stacja spr\u0119\u017carkowa OLIMP Minipack CO2 | RMC","description":"Stacja spr\u0119\u017carkowa OLIMP Minipack CO2 dla supermarket\u00f3w i sklep\u00f3w. Obudowa d\u017awi\u0119koch\u0142onna, wydajno\u015b\u0107 4\u201344 kW, praca w cyklu transkrytycznym. Ekologiczny czynnik R744.","robots":{"index":"index","follow":"follow","max-snippet":"max-snippet:-1","max-image-preview":"max-image-preview:large","max-video-preview":"max-video-preview:-1"},"canonical":"https:\/\/rmc-global.com\/pl\/products\/stacja-sprezarkowa-olimp-minipack-co2\/","og_locale":"pl_PL","og_type":"article","og_title":"Stacja spr\u0119\u017carkowa OLIMP Minipack CO2 | RMC","og_description":"Stacja spr\u0119\u017carkowa OLIMP Minipack CO2 dla supermarket\u00f3w i sklep\u00f3w. Obudowa d\u017awi\u0119koch\u0142onna, wydajno\u015b\u0107 4\u201344 kW, praca w cyklu transkrytycznym. Ekologiczny czynnik R744.","og_url":"https:\/\/rmc-global.com\/pl\/products\/stacja-sprezarkowa-olimp-minipack-co2\/","og_site_name":"rmc","article_modified_time":"2026-02-20T11:25:49+00:00","og_image":[{"width":1833,"height":2560,"url":"https:\/\/rmc-global.com\/wp-content\/uploads\/2025\/12\/olimp-minipack-co2-scaled.jpg","type":"image\/jpeg"}],"twitter_card":"summary_large_image","twitter_misc":{"Szacowany czas czytania":"1 minuta"},"schema":{"@context":"https:\/\/schema.org","@graph":[{"@type":"WebPage","@id":"https:\/\/rmc-global.com\/pl\/products\/stacja-sprezarkowa-olimp-minipack-co2\/","url":"https:\/\/rmc-global.com\/pl\/products\/stacja-sprezarkowa-olimp-minipack-co2\/","name":"Stacja spr\u0119\u017carkowa OLIMP Minipack CO2 | RMC","isPartOf":{"@id":"https:\/\/rmc-global.com\/pl\/#website"},"primaryImageOfPage":{"@id":"https:\/\/rmc-global.com\/pl\/products\/stacja-sprezarkowa-olimp-minipack-co2\/#primaryimage"},"image":{"@id":"https:\/\/rmc-global.com\/pl\/products\/stacja-sprezarkowa-olimp-minipack-co2\/#primaryimage"},"thumbnailUrl":"https:\/\/rmc-global.com\/wp-content\/uploads\/2025\/12\/olimp-minipack-co2-scaled.jpg","datePublished":"2025-12-30T11:26:22+00:00","dateModified":"2026-02-20T11:25:49+00:00","description":"Stacja spr\u0119\u017carkowa OLIMP Minipack CO2 dla supermarket\u00f3w i sklep\u00f3w. Obudowa d\u017awi\u0119koch\u0142onna, wydajno\u015b\u0107 4\u201344 kW, praca w cyklu transkrytycznym. Ekologiczny czynnik R744.","breadcrumb":{"@id":"https:\/\/rmc-global.com\/pl\/products\/stacja-sprezarkowa-olimp-minipack-co2\/#breadcrumb"},"inLanguage":"pl-PL","potentialAction":[{"@type":"ReadAction","target":["https:\/\/rmc-global.com\/pl\/products\/stacja-sprezarkowa-olimp-minipack-co2\/"]}]},{"@type":"ImageObject","inLanguage":"pl-PL","@id":"https:\/\/rmc-global.com\/pl\/products\/stacja-sprezarkowa-olimp-minipack-co2\/#primaryimage","url":"https:\/\/rmc-global.com\/wp-content\/uploads\/2025\/12\/olimp-minipack-co2-scaled.jpg","contentUrl":"https:\/\/rmc-global.com\/wp-content\/uploads\/2025\/12\/olimp-minipack-co2-scaled.jpg","width":1833,"height":2560},{"@type":"BreadcrumbList","@id":"https:\/\/rmc-global.com\/pl\/products\/stacja-sprezarkowa-olimp-minipack-co2\/#breadcrumb","itemListElement":[{"@type":"ListItem","position":1,"name":"\u0413\u043e\u043b\u043e\u0432\u043d\u0430","item":"https:\/\/rmc-global.com\/pl\/"},{"@type":"ListItem","position":2,"name":"Produkt","item":"https:\/\/rmc-global.com\/pl\/products\/"},{"@type":"ListItem","position":3,"name":"Stacje spr\u0119\u017carkowe","item":"https:\/\/rmc-global.com\/pl\/product-category\/stacje-sprezarkowe\/"},{"@type":"ListItem","position":4,"name":"Stacja spr\u0119\u017carkowa OLIMP Minipack CO2"}]},{"@type":"WebSite","@id":"https:\/\/rmc-global.com\/pl\/#website","url":"https:\/\/rmc-global.com\/pl\/","name":"rmc","description":"","potentialAction":[{"@type":"SearchAction","target":{"@type":"EntryPoint","urlTemplate":"https:\/\/rmc-global.com\/pl\/?s={search_term_string}"},"query-input":{"@type":"PropertyValueSpecification","valueRequired":true,"valueName":"search_term_string"}}],"inLanguage":"pl-PL"}]}},"_links":{"self":[{"href":"https:\/\/rmc-global.com\/pl\/wp-json\/wp\/v2\/product\/637","targetHints":{"allow":["GET"]}}],"collection":[{"href":"https:\/\/rmc-global.com\/pl\/wp-json\/wp\/v2\/product"}],"about":[{"href":"https:\/\/rmc-global.com\/pl\/wp-json\/wp\/v2\/types\/product"}],"wp:featuredmedia":[{"embeddable":true,"href":"https:\/\/rmc-global.com\/pl\/wp-json\/wp\/v2\/media\/636"}],"wp:attachment":[{"href":"https:\/\/rmc-global.com\/pl\/wp-json\/wp\/v2\/media?parent=637"}],"wp:term":[{"taxonomy":"product_category","embeddable":true,"href":"https:\/\/rmc-global.com\/pl\/wp-json\/wp\/v2\/product_category?post=637"}],"curies":[{"name":"wp","href":"https:\/\/api.w.org\/{rel}","templated":true}]}}