{"id":599,"date":"2025-12-30T13:28:31","date_gmt":"2025-12-30T11:28:31","guid":{"rendered":"https:\/\/rmc-global.com\/products\/stacja-sprezarkowa-olimp-industrial-co2\/"},"modified":"2026-02-05T13:45:17","modified_gmt":"2026-02-05T11:45:17","slug":"stacja-sprezarkowa-olimp-industrial-co2","status":"publish","type":"product","link":"https:\/\/rmc-global.com\/pl\/products\/stacja-sprezarkowa-olimp-industrial-co2\/","title":{"rendered":"Stacja spr\u0119\u017carkowa OLIMP Inductrial CO2"},"content":{"rendered":"<h2 data-path-to-node=\"1\">Cechy konstrukcyjne OLIMP Inductrial CO2<\/h2>\n<ul data-path-to-node=\"2\">\n<li>\n<p data-path-to-node=\"2,0,0\"><b data-path-to-node=\"2,0,0\" data-index-in-node=\"0\">Przeznaczenie:<\/b> przystosowana do pracy z <b data-path-to-node=\"2,0,0\" data-index-in-node=\"40\">CO\u2082<\/b> jako czynnikiem ch\u0142odniczym.<\/p>\n<\/li>\n<li>\n<p data-path-to-node=\"2,1,0\"><b data-path-to-node=\"2,1,0\" data-index-in-node=\"0\">Konstrukcja:<\/b> wykonana na solidnej ramie modu\u0142owej (sk\u0142adanej) lub spawanej.<\/p>\n<\/li>\n<li>\n<p data-path-to-node=\"2,2,0\"><b data-path-to-node=\"2,2,0\" data-index-in-node=\"0\">Typ:<\/b> konstrukcja otwarta (zapewniaj\u0105ca \u0142atwy dost\u0119p serwisowy).<\/p>\n<\/li>\n<li>\n<p data-path-to-node=\"2,3,0\"><b data-path-to-node=\"2,3,0\" data-index-in-node=\"0\">Cykle pracy:<\/b> zaprojektowana do pracy w cyklu <b data-path-to-node=\"2,3,0\" data-index-in-node=\"45\">transkrytycznym<\/b> oraz <b data-path-to-node=\"2,3,0\" data-index-in-node=\"66\">subkrytycznym<\/b>.<\/p>\n<\/li>\n<li>\n<p data-path-to-node=\"2,4,0\"><b data-path-to-node=\"2,4,0\" data-index-in-node=\"0\">Wydajno\u015b\u0107 ch\u0142odnicza:<\/b><\/p>\n<ol data-path-to-node=\"2,4,1\">\n<li>\n<p data-path-to-node=\"2,4,1,0,0\">stopie\u0144 niskotemperaturowy: <b data-path-to-node=\"2,4,1,0,0\" data-index-in-node=\"28\">od 100 do 500 kW<\/b>;<\/p>\n<\/li>\n<li>\n<p data-path-to-node=\"2,4,1,1,0\">stopie\u0144 \u015bredniotemperaturowy: <b data-path-to-node=\"2,4,1,1,0\" data-index-in-node=\"30\">od 200 do 900 kW<\/b>.<\/p>\n<\/li>\n<\/ol>\n<\/li>\n<\/ul>\n","protected":false},"featured_media":598,"template":"","product_category":[34,36,71],"class_list":["post-599","product","type-product","status-publish","has-post-thumbnail","hentry","product_category-stacje-sprezarkowe","product_category-stacje-sprezarkowe-co2-olimp","product_category-systemy-chlodnicze-na-co2"],"acf":[],"yoast_head":"<!-- This site is optimized with the Yoast SEO plugin v27.5 - https:\/\/yoast.com\/product\/yoast-seo-wordpress\/ -->\n<title>Stacja Spr\u0119\u017carkowa OLIMP Inductrial CO2 | RMC<\/title>\n<meta name=\"description\" content=\"Profesjonalna stacja spr\u0119\u017carkowa OLIMP Inductrial CO2 do pracy w cyklu transkrytycznym i subkrytycznym. Wydajno\u015b\u0107 ch\u0142odnicza do 900 kW. Solidna konstrukcja modu\u0142owa.\" \/>\n<meta name=\"robots\" content=\"index, follow, max-snippet:-1, max-image-preview:large, max-video-preview:-1\" \/>\n<link rel=\"canonical\" href=\"https:\/\/rmc-global.com\/pl\/products\/stacja-sprezarkowa-olimp-industrial-co2\/\" \/>\n<meta property=\"og:locale\" content=\"pl_PL\" \/>\n<meta property=\"og:type\" content=\"article\" \/>\n<meta property=\"og:title\" content=\"Stacja Spr\u0119\u017carkowa OLIMP Inductrial CO2 | RMC\" \/>\n<meta property=\"og:description\" content=\"Profesjonalna stacja spr\u0119\u017carkowa OLIMP Inductrial CO2 do pracy w cyklu transkrytycznym i subkrytycznym. Wydajno\u015b\u0107 ch\u0142odnicza do 900 kW. Solidna konstrukcja modu\u0142owa.\" \/>\n<meta property=\"og:url\" content=\"https:\/\/rmc-global.com\/pl\/products\/stacja-sprezarkowa-olimp-industrial-co2\/\" \/>\n<meta property=\"og:site_name\" content=\"rmc\" \/>\n<meta property=\"article:modified_time\" content=\"2026-02-05T11:45:17+00:00\" \/>\n<meta property=\"og:image\" content=\"https:\/\/rmc-global.com\/wp-content\/uploads\/2025\/12\/3.6-olimp-inductrial-co2_-scaled.jpg\" \/>\n\t<meta property=\"og:image:width\" content=\"2560\" \/>\n\t<meta property=\"og:image:height\" content=\"1703\" \/>\n\t<meta property=\"og:image:type\" content=\"image\/jpeg\" \/>\n<meta name=\"twitter:card\" content=\"summary_large_image\" \/>\n<meta name=\"twitter:label1\" content=\"Szacowany czas czytania\" \/>\n\t<meta name=\"twitter:data1\" content=\"1 minuta\" \/>\n<script type=\"application\/ld+json\" class=\"yoast-schema-graph\">{\"@context\":\"https:\\\/\\\/schema.org\",\"@graph\":[{\"@type\":\"WebPage\",\"@id\":\"https:\\\/\\\/rmc-global.com\\\/pl\\\/products\\\/stacja-sprezarkowa-olimp-industrial-co2\\\/\",\"url\":\"https:\\\/\\\/rmc-global.com\\\/pl\\\/products\\\/stacja-sprezarkowa-olimp-industrial-co2\\\/\",\"name\":\"Stacja Spr\u0119\u017carkowa OLIMP Inductrial CO2 | RMC\",\"isPartOf\":{\"@id\":\"https:\\\/\\\/rmc-global.com\\\/pl\\\/#website\"},\"primaryImageOfPage\":{\"@id\":\"https:\\\/\\\/rmc-global.com\\\/pl\\\/products\\\/stacja-sprezarkowa-olimp-industrial-co2\\\/#primaryimage\"},\"image\":{\"@id\":\"https:\\\/\\\/rmc-global.com\\\/pl\\\/products\\\/stacja-sprezarkowa-olimp-industrial-co2\\\/#primaryimage\"},\"thumbnailUrl\":\"https:\\\/\\\/rmc-global.com\\\/wp-content\\\/uploads\\\/2025\\\/12\\\/3.6-olimp-inductrial-co2_-scaled.jpg\",\"datePublished\":\"2025-12-30T11:28:31+00:00\",\"dateModified\":\"2026-02-05T11:45:17+00:00\",\"description\":\"Profesjonalna stacja spr\u0119\u017carkowa OLIMP Inductrial CO2 do pracy w cyklu transkrytycznym i subkrytycznym. Wydajno\u015b\u0107 ch\u0142odnicza do 900 kW. Solidna konstrukcja modu\u0142owa.\",\"breadcrumb\":{\"@id\":\"https:\\\/\\\/rmc-global.com\\\/pl\\\/products\\\/stacja-sprezarkowa-olimp-industrial-co2\\\/#breadcrumb\"},\"inLanguage\":\"pl-PL\",\"potentialAction\":[{\"@type\":\"ReadAction\",\"target\":[\"https:\\\/\\\/rmc-global.com\\\/pl\\\/products\\\/stacja-sprezarkowa-olimp-industrial-co2\\\/\"]}]},{\"@type\":\"ImageObject\",\"inLanguage\":\"pl-PL\",\"@id\":\"https:\\\/\\\/rmc-global.com\\\/pl\\\/products\\\/stacja-sprezarkowa-olimp-industrial-co2\\\/#primaryimage\",\"url\":\"https:\\\/\\\/rmc-global.com\\\/wp-content\\\/uploads\\\/2025\\\/12\\\/3.6-olimp-inductrial-co2_-scaled.jpg\",\"contentUrl\":\"https:\\\/\\\/rmc-global.com\\\/wp-content\\\/uploads\\\/2025\\\/12\\\/3.6-olimp-inductrial-co2_-scaled.jpg\",\"width\":2560,\"height\":1703},{\"@type\":\"BreadcrumbList\",\"@id\":\"https:\\\/\\\/rmc-global.com\\\/pl\\\/products\\\/stacja-sprezarkowa-olimp-industrial-co2\\\/#breadcrumb\",\"itemListElement\":[{\"@type\":\"ListItem\",\"position\":1,\"name\":\"\u0413\u043e\u043b\u043e\u0432\u043d\u0430\",\"item\":\"https:\\\/\\\/rmc-global.com\\\/pl\\\/\"},{\"@type\":\"ListItem\",\"position\":2,\"name\":\"Produkt\",\"item\":\"https:\\\/\\\/rmc-global.com\\\/pl\\\/products\\\/\"},{\"@type\":\"ListItem\",\"position\":3,\"name\":\"Stacje spr\u0119\u017carkowe\",\"item\":\"https:\\\/\\\/rmc-global.com\\\/pl\\\/product-category\\\/stacje-sprezarkowe\\\/\"},{\"@type\":\"ListItem\",\"position\":4,\"name\":\"Stacja spr\u0119\u017carkowa OLIMP Inductrial CO2\"}]},{\"@type\":\"WebSite\",\"@id\":\"https:\\\/\\\/rmc-global.com\\\/pl\\\/#website\",\"url\":\"https:\\\/\\\/rmc-global.com\\\/pl\\\/\",\"name\":\"rmc\",\"description\":\"\",\"potentialAction\":[{\"@type\":\"SearchAction\",\"target\":{\"@type\":\"EntryPoint\",\"urlTemplate\":\"https:\\\/\\\/rmc-global.com\\\/pl\\\/?s={search_term_string}\"},\"query-input\":{\"@type\":\"PropertyValueSpecification\",\"valueRequired\":true,\"valueName\":\"search_term_string\"}}],\"inLanguage\":\"pl-PL\"}]}<\/script>\n<!-- \/ Yoast SEO plugin. -->","yoast_head_json":{"title":"Stacja Spr\u0119\u017carkowa OLIMP Inductrial CO2 | RMC","description":"Profesjonalna stacja spr\u0119\u017carkowa OLIMP Inductrial CO2 do pracy w cyklu transkrytycznym i subkrytycznym. Wydajno\u015b\u0107 ch\u0142odnicza do 900 kW. Solidna konstrukcja modu\u0142owa.","robots":{"index":"index","follow":"follow","max-snippet":"max-snippet:-1","max-image-preview":"max-image-preview:large","max-video-preview":"max-video-preview:-1"},"canonical":"https:\/\/rmc-global.com\/pl\/products\/stacja-sprezarkowa-olimp-industrial-co2\/","og_locale":"pl_PL","og_type":"article","og_title":"Stacja Spr\u0119\u017carkowa OLIMP Inductrial CO2 | RMC","og_description":"Profesjonalna stacja spr\u0119\u017carkowa OLIMP Inductrial CO2 do pracy w cyklu transkrytycznym i subkrytycznym. Wydajno\u015b\u0107 ch\u0142odnicza do 900 kW. Solidna konstrukcja modu\u0142owa.","og_url":"https:\/\/rmc-global.com\/pl\/products\/stacja-sprezarkowa-olimp-industrial-co2\/","og_site_name":"rmc","article_modified_time":"2026-02-05T11:45:17+00:00","og_image":[{"width":2560,"height":1703,"url":"https:\/\/rmc-global.com\/wp-content\/uploads\/2025\/12\/3.6-olimp-inductrial-co2_-scaled.jpg","type":"image\/jpeg"}],"twitter_card":"summary_large_image","twitter_misc":{"Szacowany czas czytania":"1 minuta"},"schema":{"@context":"https:\/\/schema.org","@graph":[{"@type":"WebPage","@id":"https:\/\/rmc-global.com\/pl\/products\/stacja-sprezarkowa-olimp-industrial-co2\/","url":"https:\/\/rmc-global.com\/pl\/products\/stacja-sprezarkowa-olimp-industrial-co2\/","name":"Stacja Spr\u0119\u017carkowa OLIMP Inductrial CO2 | RMC","isPartOf":{"@id":"https:\/\/rmc-global.com\/pl\/#website"},"primaryImageOfPage":{"@id":"https:\/\/rmc-global.com\/pl\/products\/stacja-sprezarkowa-olimp-industrial-co2\/#primaryimage"},"image":{"@id":"https:\/\/rmc-global.com\/pl\/products\/stacja-sprezarkowa-olimp-industrial-co2\/#primaryimage"},"thumbnailUrl":"https:\/\/rmc-global.com\/wp-content\/uploads\/2025\/12\/3.6-olimp-inductrial-co2_-scaled.jpg","datePublished":"2025-12-30T11:28:31+00:00","dateModified":"2026-02-05T11:45:17+00:00","description":"Profesjonalna stacja spr\u0119\u017carkowa OLIMP Inductrial CO2 do pracy w cyklu transkrytycznym i subkrytycznym. Wydajno\u015b\u0107 ch\u0142odnicza do 900 kW. Solidna konstrukcja modu\u0142owa.","breadcrumb":{"@id":"https:\/\/rmc-global.com\/pl\/products\/stacja-sprezarkowa-olimp-industrial-co2\/#breadcrumb"},"inLanguage":"pl-PL","potentialAction":[{"@type":"ReadAction","target":["https:\/\/rmc-global.com\/pl\/products\/stacja-sprezarkowa-olimp-industrial-co2\/"]}]},{"@type":"ImageObject","inLanguage":"pl-PL","@id":"https:\/\/rmc-global.com\/pl\/products\/stacja-sprezarkowa-olimp-industrial-co2\/#primaryimage","url":"https:\/\/rmc-global.com\/wp-content\/uploads\/2025\/12\/3.6-olimp-inductrial-co2_-scaled.jpg","contentUrl":"https:\/\/rmc-global.com\/wp-content\/uploads\/2025\/12\/3.6-olimp-inductrial-co2_-scaled.jpg","width":2560,"height":1703},{"@type":"BreadcrumbList","@id":"https:\/\/rmc-global.com\/pl\/products\/stacja-sprezarkowa-olimp-industrial-co2\/#breadcrumb","itemListElement":[{"@type":"ListItem","position":1,"name":"\u0413\u043e\u043b\u043e\u0432\u043d\u0430","item":"https:\/\/rmc-global.com\/pl\/"},{"@type":"ListItem","position":2,"name":"Produkt","item":"https:\/\/rmc-global.com\/pl\/products\/"},{"@type":"ListItem","position":3,"name":"Stacje spr\u0119\u017carkowe","item":"https:\/\/rmc-global.com\/pl\/product-category\/stacje-sprezarkowe\/"},{"@type":"ListItem","position":4,"name":"Stacja spr\u0119\u017carkowa OLIMP Inductrial CO2"}]},{"@type":"WebSite","@id":"https:\/\/rmc-global.com\/pl\/#website","url":"https:\/\/rmc-global.com\/pl\/","name":"rmc","description":"","potentialAction":[{"@type":"SearchAction","target":{"@type":"EntryPoint","urlTemplate":"https:\/\/rmc-global.com\/pl\/?s={search_term_string}"},"query-input":{"@type":"PropertyValueSpecification","valueRequired":true,"valueName":"search_term_string"}}],"inLanguage":"pl-PL"}]}},"_links":{"self":[{"href":"https:\/\/rmc-global.com\/pl\/wp-json\/wp\/v2\/product\/599","targetHints":{"allow":["GET"]}}],"collection":[{"href":"https:\/\/rmc-global.com\/pl\/wp-json\/wp\/v2\/product"}],"about":[{"href":"https:\/\/rmc-global.com\/pl\/wp-json\/wp\/v2\/types\/product"}],"wp:featuredmedia":[{"embeddable":true,"href":"https:\/\/rmc-global.com\/pl\/wp-json\/wp\/v2\/media\/598"}],"wp:attachment":[{"href":"https:\/\/rmc-global.com\/pl\/wp-json\/wp\/v2\/media?parent=599"}],"wp:term":[{"taxonomy":"product_category","embeddable":true,"href":"https:\/\/rmc-global.com\/pl\/wp-json\/wp\/v2\/product_category?post=599"}],"curies":[{"name":"wp","href":"https:\/\/api.w.org\/{rel}","templated":true}]}}