{"id":592,"date":"2025-12-30T13:39:14","date_gmt":"2025-12-30T11:39:14","guid":{"rendered":"https:\/\/rmc-global.com\/products\/stacja-sprezarkowa-olimp-commercial-co2\/"},"modified":"2026-02-05T13:40:36","modified_gmt":"2026-02-05T11:40:36","slug":"stacja-sprezarkowa-olimp-commercial-co2","status":"publish","type":"product","link":"https:\/\/rmc-global.com\/pl\/products\/stacja-sprezarkowa-olimp-commercial-co2\/","title":{"rendered":"Stacja spr\u0119\u017carkowa OLIMP Commercial CO2"},"content":{"rendered":"<h3 data-start=\"491\" data-end=\"539\"><strong data-start=\"495\" data-end=\"539\">Cechy konstrukcyjne OLIMP Commercial CO\u2082<\/strong><\/h3>\n<ul>\n<li>\n<p data-path-to-node=\"12,0,0\"><b data-path-to-node=\"12,0,0\" data-index-in-node=\"0\">Czynnik ch\u0142odniczy:<\/b> przeznaczona do pracy \u0437 <b data-path-to-node=\"12,0,0\" data-index-in-node=\"44\">CO\u2082 (R744)<\/b>.<\/p>\n<\/li>\n<li>\n<p data-path-to-node=\"12,1,0\"><b data-path-to-node=\"12,1,0\" data-index-in-node=\"0\">Konstrukcja:<\/b> wykonana na wytrzyma\u0142ej <b data-path-to-node=\"12,1,0\" data-index-in-node=\"37\">ramie modu\u0142owej (sk\u0142adanej) lub spawanej<\/b>.<\/p>\n<\/li>\n<li>\n<p data-path-to-node=\"12,2,0\"><b data-path-to-node=\"12,2,0\" data-index-in-node=\"0\">Typ:<\/b> <b data-path-to-node=\"12,2,0\" data-index-in-node=\"5\">agregat typu otwartego<\/b>, zapewniaj\u0105cy wygod\u0119 serwisowania i konserwacji.<\/p>\n<\/li>\n<li>\n<p data-path-to-node=\"12,3,0\"><b data-path-to-node=\"12,3,0\" data-index-in-node=\"0\">Obiegi:<\/b> zaprojektowana do pracy zar\u00f3wno w cyklu <b data-path-to-node=\"12,3,0\" data-index-in-node=\"48\">transkrytycznym<\/b>, jak i <b data-path-to-node=\"12,3,0\" data-index-in-node=\"71\">podkrytycznym<\/b>.<\/p>\n<\/li>\n<li>\n<p data-path-to-node=\"12,4,0\"><b data-path-to-node=\"12,4,0\" data-index-in-node=\"0\">Wydajno\u015b\u0107 ch\u0142odnicza:<\/b><\/p>\n<ol data-path-to-node=\"12,4,1\">\n<li>\n<p data-path-to-node=\"12,4,1,0,0\">stopie\u0144 niskotemperaturowy: <b data-path-to-node=\"12,4,1,0,0\" data-index-in-node=\"28\">od 10 do 50 kW<\/b>;<\/p>\n<\/li>\n<li>\n<p data-path-to-node=\"12,4,1,1,0\">stopie\u0144 \u015bredniotemperaturowy: <b data-path-to-node=\"12,4,1,1,0\" data-index-in-node=\"30\">od 40 do 150 kW<\/b>.<\/p>\n<\/li>\n<\/ol>\n<\/li>\n<\/ul>\n","protected":false},"featured_media":591,"template":"","product_category":[71,34,36],"class_list":["post-592","product","type-product","status-publish","has-post-thumbnail","hentry","product_category-systemy-chlodnicze-na-co2","product_category-stacje-sprezarkowe","product_category-stacje-sprezarkowe-co2-olimp"],"acf":[],"yoast_head":"<!-- This site is optimized with the Yoast SEO plugin v27.5 - https:\/\/yoast.com\/product\/yoast-seo-wordpress\/ -->\n<title>Stacja spr\u0119\u017carkowa OLIMP Commercial CO\u2082 | RMC<\/title>\n<meta name=\"description\" content=\"OLIMP Commercial CO\u2082 to przemys\u0142owa stacja spr\u0119\u017carkowa do pracy z CO\u2082. Obs\u0142uguje cykle transkrytyczne i subkrytyczne. Wydajno\u015b\u0107 ch\u0142odnicza do 150 kW.\" \/>\n<meta name=\"robots\" content=\"index, follow, max-snippet:-1, max-image-preview:large, max-video-preview:-1\" \/>\n<link rel=\"canonical\" href=\"https:\/\/rmc-global.com\/pl\/products\/stacja-sprezarkowa-olimp-commercial-co2\/\" \/>\n<meta property=\"og:locale\" content=\"pl_PL\" \/>\n<meta property=\"og:type\" content=\"article\" \/>\n<meta property=\"og:title\" content=\"Stacja spr\u0119\u017carkowa OLIMP Commercial CO\u2082 | RMC\" \/>\n<meta property=\"og:description\" content=\"OLIMP Commercial CO\u2082 to przemys\u0142owa stacja spr\u0119\u017carkowa do pracy z CO\u2082. Obs\u0142uguje cykle transkrytyczne i subkrytyczne. Wydajno\u015b\u0107 ch\u0142odnicza do 150 kW.\" \/>\n<meta property=\"og:url\" content=\"https:\/\/rmc-global.com\/pl\/products\/stacja-sprezarkowa-olimp-commercial-co2\/\" \/>\n<meta property=\"og:site_name\" content=\"rmc\" \/>\n<meta property=\"article:modified_time\" content=\"2026-02-05T11:40:36+00:00\" \/>\n<meta property=\"og:image\" content=\"https:\/\/rmc-global.com\/wp-content\/uploads\/2025\/12\/olimp-commercial-co2-scaled.jpg\" \/>\n\t<meta property=\"og:image:width\" content=\"2560\" \/>\n\t<meta property=\"og:image:height\" content=\"1699\" \/>\n\t<meta property=\"og:image:type\" content=\"image\/jpeg\" \/>\n<meta name=\"twitter:card\" content=\"summary_large_image\" \/>\n<meta name=\"twitter:label1\" content=\"Szacowany czas czytania\" \/>\n\t<meta name=\"twitter:data1\" content=\"1 minuta\" \/>\n<script type=\"application\/ld+json\" class=\"yoast-schema-graph\">{\"@context\":\"https:\\\/\\\/schema.org\",\"@graph\":[{\"@type\":\"WebPage\",\"@id\":\"https:\\\/\\\/rmc-global.com\\\/pl\\\/products\\\/stacja-sprezarkowa-olimp-commercial-co2\\\/\",\"url\":\"https:\\\/\\\/rmc-global.com\\\/pl\\\/products\\\/stacja-sprezarkowa-olimp-commercial-co2\\\/\",\"name\":\"Stacja spr\u0119\u017carkowa OLIMP Commercial CO\u2082 | RMC\",\"isPartOf\":{\"@id\":\"https:\\\/\\\/rmc-global.com\\\/pl\\\/#website\"},\"primaryImageOfPage\":{\"@id\":\"https:\\\/\\\/rmc-global.com\\\/pl\\\/products\\\/stacja-sprezarkowa-olimp-commercial-co2\\\/#primaryimage\"},\"image\":{\"@id\":\"https:\\\/\\\/rmc-global.com\\\/pl\\\/products\\\/stacja-sprezarkowa-olimp-commercial-co2\\\/#primaryimage\"},\"thumbnailUrl\":\"https:\\\/\\\/rmc-global.com\\\/wp-content\\\/uploads\\\/2025\\\/12\\\/olimp-commercial-co2-scaled.jpg\",\"datePublished\":\"2025-12-30T11:39:14+00:00\",\"dateModified\":\"2026-02-05T11:40:36+00:00\",\"description\":\"OLIMP Commercial CO\u2082 to przemys\u0142owa stacja spr\u0119\u017carkowa do pracy z CO\u2082. Obs\u0142uguje cykle transkrytyczne i subkrytyczne. Wydajno\u015b\u0107 ch\u0142odnicza do 150 kW.\",\"breadcrumb\":{\"@id\":\"https:\\\/\\\/rmc-global.com\\\/pl\\\/products\\\/stacja-sprezarkowa-olimp-commercial-co2\\\/#breadcrumb\"},\"inLanguage\":\"pl-PL\",\"potentialAction\":[{\"@type\":\"ReadAction\",\"target\":[\"https:\\\/\\\/rmc-global.com\\\/pl\\\/products\\\/stacja-sprezarkowa-olimp-commercial-co2\\\/\"]}]},{\"@type\":\"ImageObject\",\"inLanguage\":\"pl-PL\",\"@id\":\"https:\\\/\\\/rmc-global.com\\\/pl\\\/products\\\/stacja-sprezarkowa-olimp-commercial-co2\\\/#primaryimage\",\"url\":\"https:\\\/\\\/rmc-global.com\\\/wp-content\\\/uploads\\\/2025\\\/12\\\/olimp-commercial-co2-scaled.jpg\",\"contentUrl\":\"https:\\\/\\\/rmc-global.com\\\/wp-content\\\/uploads\\\/2025\\\/12\\\/olimp-commercial-co2-scaled.jpg\",\"width\":2560,\"height\":1699},{\"@type\":\"BreadcrumbList\",\"@id\":\"https:\\\/\\\/rmc-global.com\\\/pl\\\/products\\\/stacja-sprezarkowa-olimp-commercial-co2\\\/#breadcrumb\",\"itemListElement\":[{\"@type\":\"ListItem\",\"position\":1,\"name\":\"\u0413\u043e\u043b\u043e\u0432\u043d\u0430\",\"item\":\"https:\\\/\\\/rmc-global.com\\\/pl\\\/\"},{\"@type\":\"ListItem\",\"position\":2,\"name\":\"Produkt\",\"item\":\"https:\\\/\\\/rmc-global.com\\\/pl\\\/products\\\/\"},{\"@type\":\"ListItem\",\"position\":3,\"name\":\"Stacje spr\u0119\u017carkowe\",\"item\":\"https:\\\/\\\/rmc-global.com\\\/pl\\\/product-category\\\/stacje-sprezarkowe\\\/\"},{\"@type\":\"ListItem\",\"position\":4,\"name\":\"Stacja spr\u0119\u017carkowa OLIMP Commercial CO2\"}]},{\"@type\":\"WebSite\",\"@id\":\"https:\\\/\\\/rmc-global.com\\\/pl\\\/#website\",\"url\":\"https:\\\/\\\/rmc-global.com\\\/pl\\\/\",\"name\":\"rmc\",\"description\":\"\",\"potentialAction\":[{\"@type\":\"SearchAction\",\"target\":{\"@type\":\"EntryPoint\",\"urlTemplate\":\"https:\\\/\\\/rmc-global.com\\\/pl\\\/?s={search_term_string}\"},\"query-input\":{\"@type\":\"PropertyValueSpecification\",\"valueRequired\":true,\"valueName\":\"search_term_string\"}}],\"inLanguage\":\"pl-PL\"}]}<\/script>\n<!-- \/ Yoast SEO plugin. -->","yoast_head_json":{"title":"Stacja spr\u0119\u017carkowa OLIMP Commercial CO\u2082 | RMC","description":"OLIMP Commercial CO\u2082 to przemys\u0142owa stacja spr\u0119\u017carkowa do pracy z CO\u2082. Obs\u0142uguje cykle transkrytyczne i subkrytyczne. Wydajno\u015b\u0107 ch\u0142odnicza do 150 kW.","robots":{"index":"index","follow":"follow","max-snippet":"max-snippet:-1","max-image-preview":"max-image-preview:large","max-video-preview":"max-video-preview:-1"},"canonical":"https:\/\/rmc-global.com\/pl\/products\/stacja-sprezarkowa-olimp-commercial-co2\/","og_locale":"pl_PL","og_type":"article","og_title":"Stacja spr\u0119\u017carkowa OLIMP Commercial CO\u2082 | RMC","og_description":"OLIMP Commercial CO\u2082 to przemys\u0142owa stacja spr\u0119\u017carkowa do pracy z CO\u2082. Obs\u0142uguje cykle transkrytyczne i subkrytyczne. Wydajno\u015b\u0107 ch\u0142odnicza do 150 kW.","og_url":"https:\/\/rmc-global.com\/pl\/products\/stacja-sprezarkowa-olimp-commercial-co2\/","og_site_name":"rmc","article_modified_time":"2026-02-05T11:40:36+00:00","og_image":[{"width":2560,"height":1699,"url":"https:\/\/rmc-global.com\/wp-content\/uploads\/2025\/12\/olimp-commercial-co2-scaled.jpg","type":"image\/jpeg"}],"twitter_card":"summary_large_image","twitter_misc":{"Szacowany czas czytania":"1 minuta"},"schema":{"@context":"https:\/\/schema.org","@graph":[{"@type":"WebPage","@id":"https:\/\/rmc-global.com\/pl\/products\/stacja-sprezarkowa-olimp-commercial-co2\/","url":"https:\/\/rmc-global.com\/pl\/products\/stacja-sprezarkowa-olimp-commercial-co2\/","name":"Stacja spr\u0119\u017carkowa OLIMP Commercial CO\u2082 | RMC","isPartOf":{"@id":"https:\/\/rmc-global.com\/pl\/#website"},"primaryImageOfPage":{"@id":"https:\/\/rmc-global.com\/pl\/products\/stacja-sprezarkowa-olimp-commercial-co2\/#primaryimage"},"image":{"@id":"https:\/\/rmc-global.com\/pl\/products\/stacja-sprezarkowa-olimp-commercial-co2\/#primaryimage"},"thumbnailUrl":"https:\/\/rmc-global.com\/wp-content\/uploads\/2025\/12\/olimp-commercial-co2-scaled.jpg","datePublished":"2025-12-30T11:39:14+00:00","dateModified":"2026-02-05T11:40:36+00:00","description":"OLIMP Commercial CO\u2082 to przemys\u0142owa stacja spr\u0119\u017carkowa do pracy z CO\u2082. Obs\u0142uguje cykle transkrytyczne i subkrytyczne. Wydajno\u015b\u0107 ch\u0142odnicza do 150 kW.","breadcrumb":{"@id":"https:\/\/rmc-global.com\/pl\/products\/stacja-sprezarkowa-olimp-commercial-co2\/#breadcrumb"},"inLanguage":"pl-PL","potentialAction":[{"@type":"ReadAction","target":["https:\/\/rmc-global.com\/pl\/products\/stacja-sprezarkowa-olimp-commercial-co2\/"]}]},{"@type":"ImageObject","inLanguage":"pl-PL","@id":"https:\/\/rmc-global.com\/pl\/products\/stacja-sprezarkowa-olimp-commercial-co2\/#primaryimage","url":"https:\/\/rmc-global.com\/wp-content\/uploads\/2025\/12\/olimp-commercial-co2-scaled.jpg","contentUrl":"https:\/\/rmc-global.com\/wp-content\/uploads\/2025\/12\/olimp-commercial-co2-scaled.jpg","width":2560,"height":1699},{"@type":"BreadcrumbList","@id":"https:\/\/rmc-global.com\/pl\/products\/stacja-sprezarkowa-olimp-commercial-co2\/#breadcrumb","itemListElement":[{"@type":"ListItem","position":1,"name":"\u0413\u043e\u043b\u043e\u0432\u043d\u0430","item":"https:\/\/rmc-global.com\/pl\/"},{"@type":"ListItem","position":2,"name":"Produkt","item":"https:\/\/rmc-global.com\/pl\/products\/"},{"@type":"ListItem","position":3,"name":"Stacje spr\u0119\u017carkowe","item":"https:\/\/rmc-global.com\/pl\/product-category\/stacje-sprezarkowe\/"},{"@type":"ListItem","position":4,"name":"Stacja spr\u0119\u017carkowa OLIMP Commercial CO2"}]},{"@type":"WebSite","@id":"https:\/\/rmc-global.com\/pl\/#website","url":"https:\/\/rmc-global.com\/pl\/","name":"rmc","description":"","potentialAction":[{"@type":"SearchAction","target":{"@type":"EntryPoint","urlTemplate":"https:\/\/rmc-global.com\/pl\/?s={search_term_string}"},"query-input":{"@type":"PropertyValueSpecification","valueRequired":true,"valueName":"search_term_string"}}],"inLanguage":"pl-PL"}]}},"_links":{"self":[{"href":"https:\/\/rmc-global.com\/pl\/wp-json\/wp\/v2\/product\/592","targetHints":{"allow":["GET"]}}],"collection":[{"href":"https:\/\/rmc-global.com\/pl\/wp-json\/wp\/v2\/product"}],"about":[{"href":"https:\/\/rmc-global.com\/pl\/wp-json\/wp\/v2\/types\/product"}],"wp:featuredmedia":[{"embeddable":true,"href":"https:\/\/rmc-global.com\/pl\/wp-json\/wp\/v2\/media\/591"}],"wp:attachment":[{"href":"https:\/\/rmc-global.com\/pl\/wp-json\/wp\/v2\/media?parent=592"}],"wp:term":[{"taxonomy":"product_category","embeddable":true,"href":"https:\/\/rmc-global.com\/pl\/wp-json\/wp\/v2\/product_category?post=592"}],"curies":[{"name":"wp","href":"https:\/\/api.w.org\/{rel}","templated":true}]}}