{"id":560,"date":"2025-12-30T12:46:31","date_gmt":"2025-12-30T10:46:31","guid":{"rendered":"https:\/\/rmc-global.com\/?post_type=product&#038;p=560"},"modified":"2026-01-30T15:13:32","modified_gmt":"2026-01-30T13:13:32","slug":"stacja-sprezarkowa-etna","status":"publish","type":"product","link":"https:\/\/rmc-global.com\/pl\/products\/stacja-sprezarkowa-etna\/","title":{"rendered":"Stacja Spr\u0119\u017carkowa ETNA"},"content":{"rendered":"<h2 data-path-to-node=\"7\">Charakterystyka konstrukcyjna stacji spr\u0119\u017carkowych KC RMC ETNA<\/h2>\n<ul data-path-to-node=\"8\">\n<li>\n<p data-path-to-node=\"8,0,0\"><b data-path-to-node=\"8,0,0\" data-index-in-node=\"0\">Konstrukcja:<\/b> wbudowany skraplacz wyposa\u017cony w wentylatory wolnoobrotowe (cichobie\u017cne).<\/p>\n<\/li>\n<li>\n<p data-path-to-node=\"8,1,0\"><b data-path-to-node=\"8,1,0\" data-index-in-node=\"0\">Typ:<\/b> stacja spr\u0119\u017carkowa wykonana w obudowie d\u017awi\u0119koszczelnej.<\/p>\n<\/li>\n<li>\n<p data-path-to-node=\"8,2,0\"><b data-path-to-node=\"8,2,0\" data-index-in-node=\"0\">Sk\u0142ad:<\/b> wykonanie standardowe przewiduje monta\u017c do 3 spr\u0119\u017carek t\u0142okowych lub do 4 spr\u0119\u017carek spiralnych.<\/p>\n<\/li>\n<li>\n<p data-path-to-node=\"8,3,0\"><b data-path-to-node=\"8,3,0\" data-index-in-node=\"0\">Ochrona:<\/b> niezawodna ochrona przed czynnikami zewn\u0119trznymi; przystosowana do monta\u017cu zewn\u0119trznego w miejscach o podwy\u017cszonych rygorach dotycz\u0105cych ha\u0142asu.<\/p>\n<\/li>\n<\/ul>\n","protected":false},"featured_media":626,"template":"","product_category":[64],"class_list":["post-560","product","type-product","status-publish","has-post-thumbnail","hentry","product_category-stacje-sprezarkowe-etna"],"acf":[],"yoast_head":"<!-- This site is optimized with the Yoast SEO plugin v27.5 - https:\/\/yoast.com\/product\/yoast-seo-wordpress\/ -->\n<title>Stacja Spr\u0119\u017carkowa ETNA | RMC<\/title>\n<meta name=\"description\" content=\"Stacja RMC ETNA: wersja otwarta, rama modu\u0142owa, 2\u20134 spr\u0119\u017carki. Elastyczna konfiguracja do komercyjnych i przemys\u0142owych system\u00f3w ch\u0142odniczych.\" \/>\n<meta name=\"robots\" content=\"index, follow, max-snippet:-1, max-image-preview:large, max-video-preview:-1\" \/>\n<link rel=\"canonical\" href=\"https:\/\/rmc-global.com\/pl\/products\/stacja-sprezarkowa-etna\/\" \/>\n<meta property=\"og:locale\" content=\"pl_PL\" \/>\n<meta property=\"og:type\" content=\"article\" \/>\n<meta property=\"og:title\" content=\"Stacja Spr\u0119\u017carkowa ETNA | RMC\" \/>\n<meta property=\"og:description\" content=\"Stacja RMC ETNA: wersja otwarta, rama modu\u0142owa, 2\u20134 spr\u0119\u017carki. Elastyczna konfiguracja do komercyjnych i przemys\u0142owych system\u00f3w ch\u0142odniczych.\" \/>\n<meta property=\"og:url\" content=\"https:\/\/rmc-global.com\/pl\/products\/stacja-sprezarkowa-etna\/\" \/>\n<meta property=\"og:site_name\" content=\"rmc\" \/>\n<meta property=\"article:modified_time\" content=\"2026-01-30T13:13:32+00:00\" \/>\n<meta property=\"og:image\" content=\"https:\/\/rmc-global.com\/wp-content\/uploads\/2025\/12\/atlas-case_.jpg\" \/>\n\t<meta property=\"og:image:width\" content=\"1024\" \/>\n\t<meta property=\"og:image:height\" content=\"1024\" \/>\n\t<meta property=\"og:image:type\" content=\"image\/jpeg\" \/>\n<meta name=\"twitter:card\" content=\"summary_large_image\" \/>\n<meta name=\"twitter:label1\" content=\"Szacowany czas czytania\" \/>\n\t<meta name=\"twitter:data1\" content=\"1 minuta\" \/>\n<script type=\"application\/ld+json\" class=\"yoast-schema-graph\">{\"@context\":\"https:\\\/\\\/schema.org\",\"@graph\":[{\"@type\":\"WebPage\",\"@id\":\"https:\\\/\\\/rmc-global.com\\\/pl\\\/products\\\/stacja-sprezarkowa-etna\\\/\",\"url\":\"https:\\\/\\\/rmc-global.com\\\/pl\\\/products\\\/stacja-sprezarkowa-etna\\\/\",\"name\":\"Stacja Spr\u0119\u017carkowa ETNA | RMC\",\"isPartOf\":{\"@id\":\"https:\\\/\\\/rmc-global.com\\\/pl\\\/#website\"},\"primaryImageOfPage\":{\"@id\":\"https:\\\/\\\/rmc-global.com\\\/pl\\\/products\\\/stacja-sprezarkowa-etna\\\/#primaryimage\"},\"image\":{\"@id\":\"https:\\\/\\\/rmc-global.com\\\/pl\\\/products\\\/stacja-sprezarkowa-etna\\\/#primaryimage\"},\"thumbnailUrl\":\"https:\\\/\\\/rmc-global.com\\\/wp-content\\\/uploads\\\/2025\\\/12\\\/atlas-case_.jpg\",\"datePublished\":\"2025-12-30T10:46:31+00:00\",\"dateModified\":\"2026-01-30T13:13:32+00:00\",\"description\":\"Stacja RMC ETNA: wersja otwarta, rama modu\u0142owa, 2\u20134 spr\u0119\u017carki. Elastyczna konfiguracja do komercyjnych i przemys\u0142owych system\u00f3w ch\u0142odniczych.\",\"breadcrumb\":{\"@id\":\"https:\\\/\\\/rmc-global.com\\\/pl\\\/products\\\/stacja-sprezarkowa-etna\\\/#breadcrumb\"},\"inLanguage\":\"pl-PL\",\"potentialAction\":[{\"@type\":\"ReadAction\",\"target\":[\"https:\\\/\\\/rmc-global.com\\\/pl\\\/products\\\/stacja-sprezarkowa-etna\\\/\"]}]},{\"@type\":\"ImageObject\",\"inLanguage\":\"pl-PL\",\"@id\":\"https:\\\/\\\/rmc-global.com\\\/pl\\\/products\\\/stacja-sprezarkowa-etna\\\/#primaryimage\",\"url\":\"https:\\\/\\\/rmc-global.com\\\/wp-content\\\/uploads\\\/2025\\\/12\\\/atlas-case_.jpg\",\"contentUrl\":\"https:\\\/\\\/rmc-global.com\\\/wp-content\\\/uploads\\\/2025\\\/12\\\/atlas-case_.jpg\",\"width\":1024,\"height\":1024,\"caption\":\"atlas case\"},{\"@type\":\"BreadcrumbList\",\"@id\":\"https:\\\/\\\/rmc-global.com\\\/pl\\\/products\\\/stacja-sprezarkowa-etna\\\/#breadcrumb\",\"itemListElement\":[{\"@type\":\"ListItem\",\"position\":1,\"name\":\"\u0413\u043e\u043b\u043e\u0432\u043d\u0430\",\"item\":\"https:\\\/\\\/rmc-global.com\\\/pl\\\/\"},{\"@type\":\"ListItem\",\"position\":2,\"name\":\"Produkt\",\"item\":\"https:\\\/\\\/rmc-global.com\\\/pl\\\/products\\\/\"},{\"@type\":\"ListItem\",\"position\":3,\"name\":\"Stacje spr\u0119\u017carkowe\",\"item\":\"https:\\\/\\\/rmc-global.com\\\/pl\\\/product-category\\\/stacje-sprezarkowe\\\/\"},{\"@type\":\"ListItem\",\"position\":4,\"name\":\"Stacje spr\u0119\u017carkowe ETNA\",\"item\":\"https:\\\/\\\/rmc-global.com\\\/pl\\\/product-category\\\/stacje-sprezarkowe-etna\\\/\"},{\"@type\":\"ListItem\",\"position\":5,\"name\":\"Stacja Spr\u0119\u017carkowa ETNA\"}]},{\"@type\":\"WebSite\",\"@id\":\"https:\\\/\\\/rmc-global.com\\\/pl\\\/#website\",\"url\":\"https:\\\/\\\/rmc-global.com\\\/pl\\\/\",\"name\":\"rmc\",\"description\":\"\",\"potentialAction\":[{\"@type\":\"SearchAction\",\"target\":{\"@type\":\"EntryPoint\",\"urlTemplate\":\"https:\\\/\\\/rmc-global.com\\\/pl\\\/?s={search_term_string}\"},\"query-input\":{\"@type\":\"PropertyValueSpecification\",\"valueRequired\":true,\"valueName\":\"search_term_string\"}}],\"inLanguage\":\"pl-PL\"}]}<\/script>\n<!-- \/ Yoast SEO plugin. -->","yoast_head_json":{"title":"Stacja Spr\u0119\u017carkowa ETNA | RMC","description":"Stacja RMC ETNA: wersja otwarta, rama modu\u0142owa, 2\u20134 spr\u0119\u017carki. Elastyczna konfiguracja do komercyjnych i przemys\u0142owych system\u00f3w ch\u0142odniczych.","robots":{"index":"index","follow":"follow","max-snippet":"max-snippet:-1","max-image-preview":"max-image-preview:large","max-video-preview":"max-video-preview:-1"},"canonical":"https:\/\/rmc-global.com\/pl\/products\/stacja-sprezarkowa-etna\/","og_locale":"pl_PL","og_type":"article","og_title":"Stacja Spr\u0119\u017carkowa ETNA | RMC","og_description":"Stacja RMC ETNA: wersja otwarta, rama modu\u0142owa, 2\u20134 spr\u0119\u017carki. Elastyczna konfiguracja do komercyjnych i przemys\u0142owych system\u00f3w ch\u0142odniczych.","og_url":"https:\/\/rmc-global.com\/pl\/products\/stacja-sprezarkowa-etna\/","og_site_name":"rmc","article_modified_time":"2026-01-30T13:13:32+00:00","og_image":[{"width":1024,"height":1024,"url":"https:\/\/rmc-global.com\/wp-content\/uploads\/2025\/12\/atlas-case_.jpg","type":"image\/jpeg"}],"twitter_card":"summary_large_image","twitter_misc":{"Szacowany czas czytania":"1 minuta"},"schema":{"@context":"https:\/\/schema.org","@graph":[{"@type":"WebPage","@id":"https:\/\/rmc-global.com\/pl\/products\/stacja-sprezarkowa-etna\/","url":"https:\/\/rmc-global.com\/pl\/products\/stacja-sprezarkowa-etna\/","name":"Stacja Spr\u0119\u017carkowa ETNA | RMC","isPartOf":{"@id":"https:\/\/rmc-global.com\/pl\/#website"},"primaryImageOfPage":{"@id":"https:\/\/rmc-global.com\/pl\/products\/stacja-sprezarkowa-etna\/#primaryimage"},"image":{"@id":"https:\/\/rmc-global.com\/pl\/products\/stacja-sprezarkowa-etna\/#primaryimage"},"thumbnailUrl":"https:\/\/rmc-global.com\/wp-content\/uploads\/2025\/12\/atlas-case_.jpg","datePublished":"2025-12-30T10:46:31+00:00","dateModified":"2026-01-30T13:13:32+00:00","description":"Stacja RMC ETNA: wersja otwarta, rama modu\u0142owa, 2\u20134 spr\u0119\u017carki. Elastyczna konfiguracja do komercyjnych i przemys\u0142owych system\u00f3w ch\u0142odniczych.","breadcrumb":{"@id":"https:\/\/rmc-global.com\/pl\/products\/stacja-sprezarkowa-etna\/#breadcrumb"},"inLanguage":"pl-PL","potentialAction":[{"@type":"ReadAction","target":["https:\/\/rmc-global.com\/pl\/products\/stacja-sprezarkowa-etna\/"]}]},{"@type":"ImageObject","inLanguage":"pl-PL","@id":"https:\/\/rmc-global.com\/pl\/products\/stacja-sprezarkowa-etna\/#primaryimage","url":"https:\/\/rmc-global.com\/wp-content\/uploads\/2025\/12\/atlas-case_.jpg","contentUrl":"https:\/\/rmc-global.com\/wp-content\/uploads\/2025\/12\/atlas-case_.jpg","width":1024,"height":1024,"caption":"atlas case"},{"@type":"BreadcrumbList","@id":"https:\/\/rmc-global.com\/pl\/products\/stacja-sprezarkowa-etna\/#breadcrumb","itemListElement":[{"@type":"ListItem","position":1,"name":"\u0413\u043e\u043b\u043e\u0432\u043d\u0430","item":"https:\/\/rmc-global.com\/pl\/"},{"@type":"ListItem","position":2,"name":"Produkt","item":"https:\/\/rmc-global.com\/pl\/products\/"},{"@type":"ListItem","position":3,"name":"Stacje spr\u0119\u017carkowe","item":"https:\/\/rmc-global.com\/pl\/product-category\/stacje-sprezarkowe\/"},{"@type":"ListItem","position":4,"name":"Stacje spr\u0119\u017carkowe ETNA","item":"https:\/\/rmc-global.com\/pl\/product-category\/stacje-sprezarkowe-etna\/"},{"@type":"ListItem","position":5,"name":"Stacja Spr\u0119\u017carkowa ETNA"}]},{"@type":"WebSite","@id":"https:\/\/rmc-global.com\/pl\/#website","url":"https:\/\/rmc-global.com\/pl\/","name":"rmc","description":"","potentialAction":[{"@type":"SearchAction","target":{"@type":"EntryPoint","urlTemplate":"https:\/\/rmc-global.com\/pl\/?s={search_term_string}"},"query-input":{"@type":"PropertyValueSpecification","valueRequired":true,"valueName":"search_term_string"}}],"inLanguage":"pl-PL"}]}},"_links":{"self":[{"href":"https:\/\/rmc-global.com\/pl\/wp-json\/wp\/v2\/product\/560","targetHints":{"allow":["GET"]}}],"collection":[{"href":"https:\/\/rmc-global.com\/pl\/wp-json\/wp\/v2\/product"}],"about":[{"href":"https:\/\/rmc-global.com\/pl\/wp-json\/wp\/v2\/types\/product"}],"wp:featuredmedia":[{"embeddable":true,"href":"https:\/\/rmc-global.com\/pl\/wp-json\/wp\/v2\/media\/626"}],"wp:attachment":[{"href":"https:\/\/rmc-global.com\/pl\/wp-json\/wp\/v2\/media?parent=560"}],"wp:term":[{"taxonomy":"product_category","embeddable":true,"href":"https:\/\/rmc-global.com\/pl\/wp-json\/wp\/v2\/product_category?post=560"}],"curies":[{"name":"wp","href":"https:\/\/api.w.org\/{rel}","templated":true}]}}