{"id":537,"date":"2025-12-30T12:45:02","date_gmt":"2025-12-30T10:45:02","guid":{"rendered":"https:\/\/rmc-global.com\/?post_type=product&#038;p=537"},"modified":"2026-04-07T12:37:13","modified_gmt":"2026-04-07T09:37:13","slug":"stacja-sprezarkowa-atlas-cas","status":"publish","type":"product","link":"https:\/\/rmc-global.com\/pl\/products\/stacja-sprezarkowa-atlas-cas\/","title":{"rendered":"Stacja Spr\u0119\u017carkowa ATLAS CASE"},"content":{"rendered":"<h2 data-path-to-node=\"7\">Charakterystyka konstrukcyjna stacji spr\u0119\u017carkowej KC RMC ATLAS CASE<\/h2>\n<ul data-path-to-node=\"8\">\n<li>\n<p data-path-to-node=\"8,0,0\"><b data-path-to-node=\"8,0,0\" data-index-in-node=\"0\">Konstrukcja:<\/b> modyfikacja serii ATLAS, wyposa\u017cona w obudow\u0119 d\u017awi\u0119koszczeln\u0105 i wandaloodporn\u0105.<\/p>\n<\/li>\n<li>\n<p data-path-to-node=\"8,1,0\"><b data-path-to-node=\"8,1,0\" data-index-in-node=\"0\">Typ:<\/b> wykonanie chronione dla obiekt\u00f3w o krytycznych wymaganiach dotycz\u0105cych niskiego poziomu ha\u0142asu.<\/p>\n<\/li>\n<li>\n<p data-path-to-node=\"8,2,0\"><b data-path-to-node=\"8,2,0\" data-index-in-node=\"0\">Sk\u0142ad:<\/b> wyposa\u017cenie standardowe przewiduje monta\u017c od 2 do 3 spr\u0119\u017carek.<\/p>\n<\/li>\n<li>\n<p data-path-to-node=\"8,3,0\"><b data-path-to-node=\"8,3,0\" data-index-in-node=\"0\">Ochrona:<\/b> niezawodna ochrona urz\u0105dzenia przed czynnikami zewn\u0119trznymi, przystosowana do monta\u017cu zewn\u0119trznego.<\/p>\n<\/li>\n<\/ul>\n","protected":false},"featured_media":536,"template":"","product_category":[34,61],"class_list":["post-537","product","type-product","status-publish","has-post-thumbnail","hentry","product_category-stacje-sprezarkowe","product_category-stacje-sprezarkowe-atlas"],"acf":[],"yoast_head":"<!-- This site is optimized with the Yoast SEO plugin v27.5 - https:\/\/yoast.com\/product\/yoast-seo-wordpress\/ -->\n<title>Stacja Spr\u0119\u017carkowa ATLAS CASE | RMC<\/title>\n<meta name=\"description\" content=\"Stacja spr\u0119\u017carkowa Atlas Case z obudow\u0105 d\u017awi\u0119koch\u0142onn\u0105 i odporn\u0105 na wandalizm. Wyposa\u017cona w 2\u20133 spr\u0119\u017carki. Idealne rozwi\u0105zanie dla miejsc o wysokich wymaganiach dotycz\u0105cych ha\u0142asu i bezpiecze\u0144stwa.\" \/>\n<meta name=\"robots\" content=\"index, follow, max-snippet:-1, max-image-preview:large, max-video-preview:-1\" \/>\n<link rel=\"canonical\" href=\"https:\/\/rmc-global.com\/pl\/products\/stacja-sprezarkowa-atlas-cas\/\" \/>\n<meta property=\"og:locale\" content=\"pl_PL\" \/>\n<meta property=\"og:type\" content=\"article\" \/>\n<meta property=\"og:title\" content=\"Stacja Spr\u0119\u017carkowa ATLAS CASE | RMC\" \/>\n<meta property=\"og:description\" content=\"Stacja spr\u0119\u017carkowa Atlas Case z obudow\u0105 d\u017awi\u0119koch\u0142onn\u0105 i odporn\u0105 na wandalizm. Wyposa\u017cona w 2\u20133 spr\u0119\u017carki. Idealne rozwi\u0105zanie dla miejsc o wysokich wymaganiach dotycz\u0105cych ha\u0142asu i bezpiecze\u0144stwa.\" \/>\n<meta property=\"og:url\" content=\"https:\/\/rmc-global.com\/pl\/products\/stacja-sprezarkowa-atlas-cas\/\" \/>\n<meta property=\"og:site_name\" content=\"rmc\" \/>\n<meta property=\"article:modified_time\" content=\"2026-04-07T09:37:13+00:00\" \/>\n<meta property=\"og:image\" content=\"https:\/\/rmc-global.com\/wp-content\/uploads\/2025\/12\/atlas-case_.png\" \/>\n\t<meta property=\"og:image:width\" content=\"1024\" \/>\n\t<meta property=\"og:image:height\" content=\"1024\" \/>\n\t<meta property=\"og:image:type\" content=\"image\/png\" \/>\n<meta name=\"twitter:card\" content=\"summary_large_image\" \/>\n<meta name=\"twitter:label1\" content=\"Szacowany czas czytania\" \/>\n\t<meta name=\"twitter:data1\" content=\"1 minuta\" \/>\n<script type=\"application\/ld+json\" class=\"yoast-schema-graph\">{\"@context\":\"https:\\\/\\\/schema.org\",\"@graph\":[{\"@type\":\"WebPage\",\"@id\":\"https:\\\/\\\/rmc-global.com\\\/pl\\\/products\\\/stacja-sprezarkowa-atlas-cas\\\/\",\"url\":\"https:\\\/\\\/rmc-global.com\\\/pl\\\/products\\\/stacja-sprezarkowa-atlas-cas\\\/\",\"name\":\"Stacja Spr\u0119\u017carkowa ATLAS CASE | RMC\",\"isPartOf\":{\"@id\":\"https:\\\/\\\/rmc-global.com\\\/pl\\\/#website\"},\"primaryImageOfPage\":{\"@id\":\"https:\\\/\\\/rmc-global.com\\\/pl\\\/products\\\/stacja-sprezarkowa-atlas-cas\\\/#primaryimage\"},\"image\":{\"@id\":\"https:\\\/\\\/rmc-global.com\\\/pl\\\/products\\\/stacja-sprezarkowa-atlas-cas\\\/#primaryimage\"},\"thumbnailUrl\":\"https:\\\/\\\/rmc-global.com\\\/wp-content\\\/uploads\\\/2025\\\/12\\\/atlas-case_.png\",\"datePublished\":\"2025-12-30T10:45:02+00:00\",\"dateModified\":\"2026-04-07T09:37:13+00:00\",\"description\":\"Stacja spr\u0119\u017carkowa Atlas Case z obudow\u0105 d\u017awi\u0119koch\u0142onn\u0105 i odporn\u0105 na wandalizm. Wyposa\u017cona w 2\u20133 spr\u0119\u017carki. Idealne rozwi\u0105zanie dla miejsc o wysokich wymaganiach dotycz\u0105cych ha\u0142asu i bezpiecze\u0144stwa.\",\"breadcrumb\":{\"@id\":\"https:\\\/\\\/rmc-global.com\\\/pl\\\/products\\\/stacja-sprezarkowa-atlas-cas\\\/#breadcrumb\"},\"inLanguage\":\"pl-PL\",\"potentialAction\":[{\"@type\":\"ReadAction\",\"target\":[\"https:\\\/\\\/rmc-global.com\\\/pl\\\/products\\\/stacja-sprezarkowa-atlas-cas\\\/\"]}]},{\"@type\":\"ImageObject\",\"inLanguage\":\"pl-PL\",\"@id\":\"https:\\\/\\\/rmc-global.com\\\/pl\\\/products\\\/stacja-sprezarkowa-atlas-cas\\\/#primaryimage\",\"url\":\"https:\\\/\\\/rmc-global.com\\\/wp-content\\\/uploads\\\/2025\\\/12\\\/atlas-case_.png\",\"contentUrl\":\"https:\\\/\\\/rmc-global.com\\\/wp-content\\\/uploads\\\/2025\\\/12\\\/atlas-case_.png\",\"width\":1024,\"height\":1024},{\"@type\":\"BreadcrumbList\",\"@id\":\"https:\\\/\\\/rmc-global.com\\\/pl\\\/products\\\/stacja-sprezarkowa-atlas-cas\\\/#breadcrumb\",\"itemListElement\":[{\"@type\":\"ListItem\",\"position\":1,\"name\":\"\u0413\u043e\u043b\u043e\u0432\u043d\u0430\",\"item\":\"https:\\\/\\\/rmc-global.com\\\/pl\\\/\"},{\"@type\":\"ListItem\",\"position\":2,\"name\":\"Produkt\",\"item\":\"https:\\\/\\\/rmc-global.com\\\/pl\\\/products\\\/\"},{\"@type\":\"ListItem\",\"position\":3,\"name\":\"Stacje spr\u0119\u017carkowe\",\"item\":\"https:\\\/\\\/rmc-global.com\\\/pl\\\/product-category\\\/stacje-sprezarkowe\\\/\"},{\"@type\":\"ListItem\",\"position\":4,\"name\":\"Stacje spr\u0119\u017carkowe ATLAS\",\"item\":\"https:\\\/\\\/rmc-global.com\\\/pl\\\/product-category\\\/stacje-sprezarkowe-atlas\\\/\"},{\"@type\":\"ListItem\",\"position\":5,\"name\":\"Stacja Spr\u0119\u017carkowa ATLAS CASE\"}]},{\"@type\":\"WebSite\",\"@id\":\"https:\\\/\\\/rmc-global.com\\\/pl\\\/#website\",\"url\":\"https:\\\/\\\/rmc-global.com\\\/pl\\\/\",\"name\":\"rmc\",\"description\":\"\",\"potentialAction\":[{\"@type\":\"SearchAction\",\"target\":{\"@type\":\"EntryPoint\",\"urlTemplate\":\"https:\\\/\\\/rmc-global.com\\\/pl\\\/?s={search_term_string}\"},\"query-input\":{\"@type\":\"PropertyValueSpecification\",\"valueRequired\":true,\"valueName\":\"search_term_string\"}}],\"inLanguage\":\"pl-PL\"}]}<\/script>\n<!-- \/ Yoast SEO plugin. -->","yoast_head_json":{"title":"Stacja Spr\u0119\u017carkowa ATLAS CASE | RMC","description":"Stacja spr\u0119\u017carkowa Atlas Case z obudow\u0105 d\u017awi\u0119koch\u0142onn\u0105 i odporn\u0105 na wandalizm. Wyposa\u017cona w 2\u20133 spr\u0119\u017carki. Idealne rozwi\u0105zanie dla miejsc o wysokich wymaganiach dotycz\u0105cych ha\u0142asu i bezpiecze\u0144stwa.","robots":{"index":"index","follow":"follow","max-snippet":"max-snippet:-1","max-image-preview":"max-image-preview:large","max-video-preview":"max-video-preview:-1"},"canonical":"https:\/\/rmc-global.com\/pl\/products\/stacja-sprezarkowa-atlas-cas\/","og_locale":"pl_PL","og_type":"article","og_title":"Stacja Spr\u0119\u017carkowa ATLAS CASE | RMC","og_description":"Stacja spr\u0119\u017carkowa Atlas Case z obudow\u0105 d\u017awi\u0119koch\u0142onn\u0105 i odporn\u0105 na wandalizm. Wyposa\u017cona w 2\u20133 spr\u0119\u017carki. Idealne rozwi\u0105zanie dla miejsc o wysokich wymaganiach dotycz\u0105cych ha\u0142asu i bezpiecze\u0144stwa.","og_url":"https:\/\/rmc-global.com\/pl\/products\/stacja-sprezarkowa-atlas-cas\/","og_site_name":"rmc","article_modified_time":"2026-04-07T09:37:13+00:00","og_image":[{"width":1024,"height":1024,"url":"https:\/\/rmc-global.com\/wp-content\/uploads\/2025\/12\/atlas-case_.png","type":"image\/png"}],"twitter_card":"summary_large_image","twitter_misc":{"Szacowany czas czytania":"1 minuta"},"schema":{"@context":"https:\/\/schema.org","@graph":[{"@type":"WebPage","@id":"https:\/\/rmc-global.com\/pl\/products\/stacja-sprezarkowa-atlas-cas\/","url":"https:\/\/rmc-global.com\/pl\/products\/stacja-sprezarkowa-atlas-cas\/","name":"Stacja Spr\u0119\u017carkowa ATLAS CASE | RMC","isPartOf":{"@id":"https:\/\/rmc-global.com\/pl\/#website"},"primaryImageOfPage":{"@id":"https:\/\/rmc-global.com\/pl\/products\/stacja-sprezarkowa-atlas-cas\/#primaryimage"},"image":{"@id":"https:\/\/rmc-global.com\/pl\/products\/stacja-sprezarkowa-atlas-cas\/#primaryimage"},"thumbnailUrl":"https:\/\/rmc-global.com\/wp-content\/uploads\/2025\/12\/atlas-case_.png","datePublished":"2025-12-30T10:45:02+00:00","dateModified":"2026-04-07T09:37:13+00:00","description":"Stacja spr\u0119\u017carkowa Atlas Case z obudow\u0105 d\u017awi\u0119koch\u0142onn\u0105 i odporn\u0105 na wandalizm. Wyposa\u017cona w 2\u20133 spr\u0119\u017carki. Idealne rozwi\u0105zanie dla miejsc o wysokich wymaganiach dotycz\u0105cych ha\u0142asu i bezpiecze\u0144stwa.","breadcrumb":{"@id":"https:\/\/rmc-global.com\/pl\/products\/stacja-sprezarkowa-atlas-cas\/#breadcrumb"},"inLanguage":"pl-PL","potentialAction":[{"@type":"ReadAction","target":["https:\/\/rmc-global.com\/pl\/products\/stacja-sprezarkowa-atlas-cas\/"]}]},{"@type":"ImageObject","inLanguage":"pl-PL","@id":"https:\/\/rmc-global.com\/pl\/products\/stacja-sprezarkowa-atlas-cas\/#primaryimage","url":"https:\/\/rmc-global.com\/wp-content\/uploads\/2025\/12\/atlas-case_.png","contentUrl":"https:\/\/rmc-global.com\/wp-content\/uploads\/2025\/12\/atlas-case_.png","width":1024,"height":1024},{"@type":"BreadcrumbList","@id":"https:\/\/rmc-global.com\/pl\/products\/stacja-sprezarkowa-atlas-cas\/#breadcrumb","itemListElement":[{"@type":"ListItem","position":1,"name":"\u0413\u043e\u043b\u043e\u0432\u043d\u0430","item":"https:\/\/rmc-global.com\/pl\/"},{"@type":"ListItem","position":2,"name":"Produkt","item":"https:\/\/rmc-global.com\/pl\/products\/"},{"@type":"ListItem","position":3,"name":"Stacje spr\u0119\u017carkowe","item":"https:\/\/rmc-global.com\/pl\/product-category\/stacje-sprezarkowe\/"},{"@type":"ListItem","position":4,"name":"Stacje spr\u0119\u017carkowe ATLAS","item":"https:\/\/rmc-global.com\/pl\/product-category\/stacje-sprezarkowe-atlas\/"},{"@type":"ListItem","position":5,"name":"Stacja Spr\u0119\u017carkowa ATLAS CASE"}]},{"@type":"WebSite","@id":"https:\/\/rmc-global.com\/pl\/#website","url":"https:\/\/rmc-global.com\/pl\/","name":"rmc","description":"","potentialAction":[{"@type":"SearchAction","target":{"@type":"EntryPoint","urlTemplate":"https:\/\/rmc-global.com\/pl\/?s={search_term_string}"},"query-input":{"@type":"PropertyValueSpecification","valueRequired":true,"valueName":"search_term_string"}}],"inLanguage":"pl-PL"}]}},"_links":{"self":[{"href":"https:\/\/rmc-global.com\/pl\/wp-json\/wp\/v2\/product\/537","targetHints":{"allow":["GET"]}}],"collection":[{"href":"https:\/\/rmc-global.com\/pl\/wp-json\/wp\/v2\/product"}],"about":[{"href":"https:\/\/rmc-global.com\/pl\/wp-json\/wp\/v2\/types\/product"}],"wp:featuredmedia":[{"embeddable":true,"href":"https:\/\/rmc-global.com\/pl\/wp-json\/wp\/v2\/media\/536"}],"wp:attachment":[{"href":"https:\/\/rmc-global.com\/pl\/wp-json\/wp\/v2\/media?parent=537"}],"wp:term":[{"taxonomy":"product_category","embeddable":true,"href":"https:\/\/rmc-global.com\/pl\/wp-json\/wp\/v2\/product_category?post=537"}],"curies":[{"name":"wp","href":"https:\/\/api.w.org\/{rel}","templated":true}]}}