{"id":490,"date":"2025-12-30T12:39:00","date_gmt":"2025-12-30T10:39:00","guid":{"rendered":"https:\/\/rmc-global.com\/?post_type=product&#038;p=490"},"modified":"2026-02-04T15:32:28","modified_gmt":"2026-02-04T13:32:28","slug":"agregat-sprezarkowo-skraplajacy-kka-rmc-uc","status":"publish","type":"product","link":"https:\/\/rmc-global.com\/pl\/products\/agregat-sprezarkowo-skraplajacy-kka-rmc-uc\/","title":{"rendered":"Agregat Spr\u0119\u017carkowo-skraplaj\u0105cy"},"content":{"rendered":"<p><strong data-start=\"612\" data-end=\"647\">Agregat spr\u0119\u017carkowo-skraplaj\u0105cy<\/strong> to kompaktowy zesp\u00f3\u0142 kluczowych element\u00f3w uk\u0142adu ch\u0142odniczego, zamontowanych na wsp\u00f3lnej ramie, zapewniaj\u0105cy efektywn\u0105 i niezawodn\u0105 prac\u0119 systemu.<\/p>\n","protected":false},"featured_media":489,"template":"","product_category":[30],"class_list":["post-490","product","type-product","status-publish","has-post-thumbnail","hentry","product_category-agregaty-sprezarkowo-skraplajace"],"acf":[],"yoast_head":"<!-- This site is optimized with the Yoast SEO plugin v27.5 - https:\/\/yoast.com\/product\/yoast-seo-wordpress\/ -->\n<title>Agregat Spr\u0119\u017carkowo-skraplaj\u0105cy<\/title>\n<meta name=\"description\" content=\"Przemys\u0142owy agregat ch\u0142odniczy RMC z kompresorem, skraplaczem, automatyk\u0105 i szaf\u0105 sterownicz\u0105. Opcjonalnie: separator oleju, odzysk ciep\u0142a, zestaw zimowego startu.\" \/>\n<meta name=\"robots\" content=\"index, follow, max-snippet:-1, max-image-preview:large, max-video-preview:-1\" \/>\n<link rel=\"canonical\" href=\"https:\/\/rmc-global.com\/pl\/products\/agregat-sprezarkowo-skraplajacy-kka-rmc-uc\/\" \/>\n<meta property=\"og:locale\" content=\"pl_PL\" \/>\n<meta property=\"og:type\" content=\"article\" \/>\n<meta property=\"og:title\" content=\"Agregat Spr\u0119\u017carkowo-skraplaj\u0105cy\" \/>\n<meta property=\"og:description\" content=\"Przemys\u0142owy agregat ch\u0142odniczy RMC z kompresorem, skraplaczem, automatyk\u0105 i szaf\u0105 sterownicz\u0105. Opcjonalnie: separator oleju, odzysk ciep\u0142a, zestaw zimowego startu.\" \/>\n<meta property=\"og:url\" content=\"https:\/\/rmc-global.com\/pl\/products\/agregat-sprezarkowo-skraplajacy-kka-rmc-uc\/\" \/>\n<meta property=\"og:site_name\" content=\"rmc\" \/>\n<meta property=\"article:modified_time\" content=\"2026-02-04T13:32:28+00:00\" \/>\n<meta property=\"og:image\" content=\"https:\/\/rmc-global.com\/wp-content\/uploads\/2025\/12\/kka-scaled.jpg\" \/>\n\t<meta property=\"og:image:width\" content=\"2560\" \/>\n\t<meta property=\"og:image:height\" content=\"1706\" \/>\n\t<meta property=\"og:image:type\" content=\"image\/jpeg\" \/>\n<meta name=\"twitter:card\" content=\"summary_large_image\" \/>\n<meta name=\"twitter:label1\" content=\"Szacowany czas czytania\" \/>\n\t<meta name=\"twitter:data1\" content=\"1 minuta\" \/>\n<script type=\"application\/ld+json\" class=\"yoast-schema-graph\">{\"@context\":\"https:\\\/\\\/schema.org\",\"@graph\":[{\"@type\":\"WebPage\",\"@id\":\"https:\\\/\\\/rmc-global.com\\\/pl\\\/products\\\/agregat-sprezarkowo-skraplajacy-kka-rmc-uc\\\/\",\"url\":\"https:\\\/\\\/rmc-global.com\\\/pl\\\/products\\\/agregat-sprezarkowo-skraplajacy-kka-rmc-uc\\\/\",\"name\":\"Agregat Spr\u0119\u017carkowo-skraplaj\u0105cy\",\"isPartOf\":{\"@id\":\"https:\\\/\\\/rmc-global.com\\\/pl\\\/#website\"},\"primaryImageOfPage\":{\"@id\":\"https:\\\/\\\/rmc-global.com\\\/pl\\\/products\\\/agregat-sprezarkowo-skraplajacy-kka-rmc-uc\\\/#primaryimage\"},\"image\":{\"@id\":\"https:\\\/\\\/rmc-global.com\\\/pl\\\/products\\\/agregat-sprezarkowo-skraplajacy-kka-rmc-uc\\\/#primaryimage\"},\"thumbnailUrl\":\"https:\\\/\\\/rmc-global.com\\\/wp-content\\\/uploads\\\/2025\\\/12\\\/kka-scaled.jpg\",\"datePublished\":\"2025-12-30T10:39:00+00:00\",\"dateModified\":\"2026-02-04T13:32:28+00:00\",\"description\":\"Przemys\u0142owy agregat ch\u0142odniczy RMC z kompresorem, skraplaczem, automatyk\u0105 i szaf\u0105 sterownicz\u0105. Opcjonalnie: separator oleju, odzysk ciep\u0142a, zestaw zimowego startu.\",\"breadcrumb\":{\"@id\":\"https:\\\/\\\/rmc-global.com\\\/pl\\\/products\\\/agregat-sprezarkowo-skraplajacy-kka-rmc-uc\\\/#breadcrumb\"},\"inLanguage\":\"pl-PL\",\"potentialAction\":[{\"@type\":\"ReadAction\",\"target\":[\"https:\\\/\\\/rmc-global.com\\\/pl\\\/products\\\/agregat-sprezarkowo-skraplajacy-kka-rmc-uc\\\/\"]}]},{\"@type\":\"ImageObject\",\"inLanguage\":\"pl-PL\",\"@id\":\"https:\\\/\\\/rmc-global.com\\\/pl\\\/products\\\/agregat-sprezarkowo-skraplajacy-kka-rmc-uc\\\/#primaryimage\",\"url\":\"https:\\\/\\\/rmc-global.com\\\/wp-content\\\/uploads\\\/2025\\\/12\\\/kka-scaled.jpg\",\"contentUrl\":\"https:\\\/\\\/rmc-global.com\\\/wp-content\\\/uploads\\\/2025\\\/12\\\/kka-scaled.jpg\",\"width\":2560,\"height\":1706},{\"@type\":\"BreadcrumbList\",\"@id\":\"https:\\\/\\\/rmc-global.com\\\/pl\\\/products\\\/agregat-sprezarkowo-skraplajacy-kka-rmc-uc\\\/#breadcrumb\",\"itemListElement\":[{\"@type\":\"ListItem\",\"position\":1,\"name\":\"\u0413\u043e\u043b\u043e\u0432\u043d\u0430\",\"item\":\"https:\\\/\\\/rmc-global.com\\\/pl\\\/\"},{\"@type\":\"ListItem\",\"position\":2,\"name\":\"Produkt\",\"item\":\"https:\\\/\\\/rmc-global.com\\\/pl\\\/products\\\/\"},{\"@type\":\"ListItem\",\"position\":3,\"name\":\"Agregaty spr\u0119\u017carkowo-skraplaj\u0105ce\",\"item\":\"https:\\\/\\\/rmc-global.com\\\/pl\\\/product-category\\\/agregaty-sprezarkowo-skraplajace\\\/\"},{\"@type\":\"ListItem\",\"position\":4,\"name\":\"Agregat Spr\u0119\u017carkowo-skraplaj\u0105cy\"}]},{\"@type\":\"WebSite\",\"@id\":\"https:\\\/\\\/rmc-global.com\\\/pl\\\/#website\",\"url\":\"https:\\\/\\\/rmc-global.com\\\/pl\\\/\",\"name\":\"rmc\",\"description\":\"\",\"potentialAction\":[{\"@type\":\"SearchAction\",\"target\":{\"@type\":\"EntryPoint\",\"urlTemplate\":\"https:\\\/\\\/rmc-global.com\\\/pl\\\/?s={search_term_string}\"},\"query-input\":{\"@type\":\"PropertyValueSpecification\",\"valueRequired\":true,\"valueName\":\"search_term_string\"}}],\"inLanguage\":\"pl-PL\"}]}<\/script>\n<!-- \/ Yoast SEO plugin. -->","yoast_head_json":{"title":"Agregat Spr\u0119\u017carkowo-skraplaj\u0105cy","description":"Przemys\u0142owy agregat ch\u0142odniczy RMC z kompresorem, skraplaczem, automatyk\u0105 i szaf\u0105 sterownicz\u0105. Opcjonalnie: separator oleju, odzysk ciep\u0142a, zestaw zimowego startu.","robots":{"index":"index","follow":"follow","max-snippet":"max-snippet:-1","max-image-preview":"max-image-preview:large","max-video-preview":"max-video-preview:-1"},"canonical":"https:\/\/rmc-global.com\/pl\/products\/agregat-sprezarkowo-skraplajacy-kka-rmc-uc\/","og_locale":"pl_PL","og_type":"article","og_title":"Agregat Spr\u0119\u017carkowo-skraplaj\u0105cy","og_description":"Przemys\u0142owy agregat ch\u0142odniczy RMC z kompresorem, skraplaczem, automatyk\u0105 i szaf\u0105 sterownicz\u0105. Opcjonalnie: separator oleju, odzysk ciep\u0142a, zestaw zimowego startu.","og_url":"https:\/\/rmc-global.com\/pl\/products\/agregat-sprezarkowo-skraplajacy-kka-rmc-uc\/","og_site_name":"rmc","article_modified_time":"2026-02-04T13:32:28+00:00","og_image":[{"width":2560,"height":1706,"url":"https:\/\/rmc-global.com\/wp-content\/uploads\/2025\/12\/kka-scaled.jpg","type":"image\/jpeg"}],"twitter_card":"summary_large_image","twitter_misc":{"Szacowany czas czytania":"1 minuta"},"schema":{"@context":"https:\/\/schema.org","@graph":[{"@type":"WebPage","@id":"https:\/\/rmc-global.com\/pl\/products\/agregat-sprezarkowo-skraplajacy-kka-rmc-uc\/","url":"https:\/\/rmc-global.com\/pl\/products\/agregat-sprezarkowo-skraplajacy-kka-rmc-uc\/","name":"Agregat Spr\u0119\u017carkowo-skraplaj\u0105cy","isPartOf":{"@id":"https:\/\/rmc-global.com\/pl\/#website"},"primaryImageOfPage":{"@id":"https:\/\/rmc-global.com\/pl\/products\/agregat-sprezarkowo-skraplajacy-kka-rmc-uc\/#primaryimage"},"image":{"@id":"https:\/\/rmc-global.com\/pl\/products\/agregat-sprezarkowo-skraplajacy-kka-rmc-uc\/#primaryimage"},"thumbnailUrl":"https:\/\/rmc-global.com\/wp-content\/uploads\/2025\/12\/kka-scaled.jpg","datePublished":"2025-12-30T10:39:00+00:00","dateModified":"2026-02-04T13:32:28+00:00","description":"Przemys\u0142owy agregat ch\u0142odniczy RMC z kompresorem, skraplaczem, automatyk\u0105 i szaf\u0105 sterownicz\u0105. Opcjonalnie: separator oleju, odzysk ciep\u0142a, zestaw zimowego startu.","breadcrumb":{"@id":"https:\/\/rmc-global.com\/pl\/products\/agregat-sprezarkowo-skraplajacy-kka-rmc-uc\/#breadcrumb"},"inLanguage":"pl-PL","potentialAction":[{"@type":"ReadAction","target":["https:\/\/rmc-global.com\/pl\/products\/agregat-sprezarkowo-skraplajacy-kka-rmc-uc\/"]}]},{"@type":"ImageObject","inLanguage":"pl-PL","@id":"https:\/\/rmc-global.com\/pl\/products\/agregat-sprezarkowo-skraplajacy-kka-rmc-uc\/#primaryimage","url":"https:\/\/rmc-global.com\/wp-content\/uploads\/2025\/12\/kka-scaled.jpg","contentUrl":"https:\/\/rmc-global.com\/wp-content\/uploads\/2025\/12\/kka-scaled.jpg","width":2560,"height":1706},{"@type":"BreadcrumbList","@id":"https:\/\/rmc-global.com\/pl\/products\/agregat-sprezarkowo-skraplajacy-kka-rmc-uc\/#breadcrumb","itemListElement":[{"@type":"ListItem","position":1,"name":"\u0413\u043e\u043b\u043e\u0432\u043d\u0430","item":"https:\/\/rmc-global.com\/pl\/"},{"@type":"ListItem","position":2,"name":"Produkt","item":"https:\/\/rmc-global.com\/pl\/products\/"},{"@type":"ListItem","position":3,"name":"Agregaty spr\u0119\u017carkowo-skraplaj\u0105ce","item":"https:\/\/rmc-global.com\/pl\/product-category\/agregaty-sprezarkowo-skraplajace\/"},{"@type":"ListItem","position":4,"name":"Agregat Spr\u0119\u017carkowo-skraplaj\u0105cy"}]},{"@type":"WebSite","@id":"https:\/\/rmc-global.com\/pl\/#website","url":"https:\/\/rmc-global.com\/pl\/","name":"rmc","description":"","potentialAction":[{"@type":"SearchAction","target":{"@type":"EntryPoint","urlTemplate":"https:\/\/rmc-global.com\/pl\/?s={search_term_string}"},"query-input":{"@type":"PropertyValueSpecification","valueRequired":true,"valueName":"search_term_string"}}],"inLanguage":"pl-PL"}]}},"_links":{"self":[{"href":"https:\/\/rmc-global.com\/pl\/wp-json\/wp\/v2\/product\/490","targetHints":{"allow":["GET"]}}],"collection":[{"href":"https:\/\/rmc-global.com\/pl\/wp-json\/wp\/v2\/product"}],"about":[{"href":"https:\/\/rmc-global.com\/pl\/wp-json\/wp\/v2\/types\/product"}],"wp:featuredmedia":[{"embeddable":true,"href":"https:\/\/rmc-global.com\/pl\/wp-json\/wp\/v2\/media\/489"}],"wp:attachment":[{"href":"https:\/\/rmc-global.com\/pl\/wp-json\/wp\/v2\/media?parent=490"}],"wp:term":[{"taxonomy":"product_category","embeddable":true,"href":"https:\/\/rmc-global.com\/pl\/wp-json\/wp\/v2\/product_category?post=490"}],"curies":[{"name":"wp","href":"https:\/\/api.w.org\/{rel}","templated":true}]}}