{"id":266,"date":"2025-12-16T20:53:48","date_gmt":"2025-12-16T18:53:48","guid":{"rendered":"https:\/\/rmc-global.com\/kontakty\/"},"modified":"2026-02-20T15:35:10","modified_gmt":"2026-02-20T13:35:10","slug":"kontakty","status":"publish","type":"page","link":"https:\/\/rmc-global.com\/pl\/kontakty\/","title":{"rendered":"Kontakty"},"content":{"rendered":"","protected":false},"excerpt":{"rendered":"","protected":false},"author":1,"featured_media":0,"parent":0,"menu_order":0,"comment_status":"closed","ping_status":"closed","template":"templates\/contact.php","meta":{"footnotes":""},"class_list":["post-266","page","type-page","status-publish","hentry"],"acf":[],"yoast_head":"<!-- This site is optimized with the Yoast SEO plugin v27.5 - https:\/\/yoast.com\/product\/yoast-seo-wordpress\/ -->\n<title>Kontakt RMC Manufacturer Company | Urz\u0105dzenia ch\u0142odnicze<\/title>\n<meta name=\"description\" content=\"Kontakt z RMC Manufacturer Company \u2014 producentem przemys\u0142owych urz\u0105dze\u0144 ch\u0142odniczych i system\u00f3w CO\u2082. Telefon, email, adres oraz formularz kontaktowy.\" \/>\n<meta name=\"robots\" content=\"index, follow, max-snippet:-1, max-image-preview:large, max-video-preview:-1\" \/>\n<link rel=\"canonical\" href=\"https:\/\/rmc-global.com\/pl\/kontakty\/\" \/>\n<meta property=\"og:locale\" content=\"pl_PL\" \/>\n<meta property=\"og:type\" content=\"article\" \/>\n<meta property=\"og:title\" content=\"Kontakt RMC Manufacturer Company | Urz\u0105dzenia ch\u0142odnicze\" \/>\n<meta property=\"og:description\" content=\"Kontakt z RMC Manufacturer Company \u2014 producentem przemys\u0142owych urz\u0105dze\u0144 ch\u0142odniczych i system\u00f3w CO\u2082. Telefon, email, adres oraz formularz kontaktowy.\" \/>\n<meta property=\"og:url\" content=\"https:\/\/rmc-global.com\/pl\/kontakty\/\" \/>\n<meta property=\"og:site_name\" content=\"rmc\" \/>\n<meta property=\"article:modified_time\" content=\"2026-02-20T13:35:10+00:00\" \/>\n<meta name=\"twitter:card\" content=\"summary_large_image\" \/>\n<script type=\"application\/ld+json\" class=\"yoast-schema-graph\">{\"@context\":\"https:\\\/\\\/schema.org\",\"@graph\":[{\"@type\":\"WebPage\",\"@id\":\"https:\\\/\\\/rmc-global.com\\\/pl\\\/kontakty\\\/\",\"url\":\"https:\\\/\\\/rmc-global.com\\\/pl\\\/kontakty\\\/\",\"name\":\"Kontakt RMC Manufacturer Company | Urz\u0105dzenia ch\u0142odnicze\",\"isPartOf\":{\"@id\":\"https:\\\/\\\/rmc-global.com\\\/pl\\\/#website\"},\"datePublished\":\"2025-12-16T18:53:48+00:00\",\"dateModified\":\"2026-02-20T13:35:10+00:00\",\"description\":\"Kontakt z RMC Manufacturer Company \u2014 producentem przemys\u0142owych urz\u0105dze\u0144 ch\u0142odniczych i system\u00f3w CO\u2082. Telefon, email, adres oraz formularz kontaktowy.\",\"breadcrumb\":{\"@id\":\"https:\\\/\\\/rmc-global.com\\\/pl\\\/kontakty\\\/#breadcrumb\"},\"inLanguage\":\"pl-PL\",\"potentialAction\":[{\"@type\":\"ReadAction\",\"target\":[\"https:\\\/\\\/rmc-global.com\\\/pl\\\/kontakty\\\/\"]}]},{\"@type\":\"BreadcrumbList\",\"@id\":\"https:\\\/\\\/rmc-global.com\\\/pl\\\/kontakty\\\/#breadcrumb\",\"itemListElement\":[{\"@type\":\"ListItem\",\"position\":1,\"name\":\"\u0413\u043e\u043b\u043e\u0432\u043d\u0430\",\"item\":\"https:\\\/\\\/rmc-global.com\\\/pl\\\/\"},{\"@type\":\"ListItem\",\"position\":2,\"name\":\"Kontakty\"}]},{\"@type\":\"WebSite\",\"@id\":\"https:\\\/\\\/rmc-global.com\\\/pl\\\/#website\",\"url\":\"https:\\\/\\\/rmc-global.com\\\/pl\\\/\",\"name\":\"rmc\",\"description\":\"\",\"potentialAction\":[{\"@type\":\"SearchAction\",\"target\":{\"@type\":\"EntryPoint\",\"urlTemplate\":\"https:\\\/\\\/rmc-global.com\\\/pl\\\/?s={search_term_string}\"},\"query-input\":{\"@type\":\"PropertyValueSpecification\",\"valueRequired\":true,\"valueName\":\"search_term_string\"}}],\"inLanguage\":\"pl-PL\"}]}<\/script>\n<!-- \/ Yoast SEO plugin. -->","yoast_head_json":{"title":"Kontakt RMC Manufacturer Company | Urz\u0105dzenia ch\u0142odnicze","description":"Kontakt z RMC Manufacturer Company \u2014 producentem przemys\u0142owych urz\u0105dze\u0144 ch\u0142odniczych i system\u00f3w CO\u2082. Telefon, email, adres oraz formularz kontaktowy.","robots":{"index":"index","follow":"follow","max-snippet":"max-snippet:-1","max-image-preview":"max-image-preview:large","max-video-preview":"max-video-preview:-1"},"canonical":"https:\/\/rmc-global.com\/pl\/kontakty\/","og_locale":"pl_PL","og_type":"article","og_title":"Kontakt RMC Manufacturer Company | Urz\u0105dzenia ch\u0142odnicze","og_description":"Kontakt z RMC Manufacturer Company \u2014 producentem przemys\u0142owych urz\u0105dze\u0144 ch\u0142odniczych i system\u00f3w CO\u2082. Telefon, email, adres oraz formularz kontaktowy.","og_url":"https:\/\/rmc-global.com\/pl\/kontakty\/","og_site_name":"rmc","article_modified_time":"2026-02-20T13:35:10+00:00","twitter_card":"summary_large_image","schema":{"@context":"https:\/\/schema.org","@graph":[{"@type":"WebPage","@id":"https:\/\/rmc-global.com\/pl\/kontakty\/","url":"https:\/\/rmc-global.com\/pl\/kontakty\/","name":"Kontakt RMC Manufacturer Company | Urz\u0105dzenia ch\u0142odnicze","isPartOf":{"@id":"https:\/\/rmc-global.com\/pl\/#website"},"datePublished":"2025-12-16T18:53:48+00:00","dateModified":"2026-02-20T13:35:10+00:00","description":"Kontakt z RMC Manufacturer Company \u2014 producentem przemys\u0142owych urz\u0105dze\u0144 ch\u0142odniczych i system\u00f3w CO\u2082. Telefon, email, adres oraz formularz kontaktowy.","breadcrumb":{"@id":"https:\/\/rmc-global.com\/pl\/kontakty\/#breadcrumb"},"inLanguage":"pl-PL","potentialAction":[{"@type":"ReadAction","target":["https:\/\/rmc-global.com\/pl\/kontakty\/"]}]},{"@type":"BreadcrumbList","@id":"https:\/\/rmc-global.com\/pl\/kontakty\/#breadcrumb","itemListElement":[{"@type":"ListItem","position":1,"name":"\u0413\u043e\u043b\u043e\u0432\u043d\u0430","item":"https:\/\/rmc-global.com\/pl\/"},{"@type":"ListItem","position":2,"name":"Kontakty"}]},{"@type":"WebSite","@id":"https:\/\/rmc-global.com\/pl\/#website","url":"https:\/\/rmc-global.com\/pl\/","name":"rmc","description":"","potentialAction":[{"@type":"SearchAction","target":{"@type":"EntryPoint","urlTemplate":"https:\/\/rmc-global.com\/pl\/?s={search_term_string}"},"query-input":{"@type":"PropertyValueSpecification","valueRequired":true,"valueName":"search_term_string"}}],"inLanguage":"pl-PL"}]}},"_links":{"self":[{"href":"https:\/\/rmc-global.com\/pl\/wp-json\/wp\/v2\/pages\/266","targetHints":{"allow":["GET"]}}],"collection":[{"href":"https:\/\/rmc-global.com\/pl\/wp-json\/wp\/v2\/pages"}],"about":[{"href":"https:\/\/rmc-global.com\/pl\/wp-json\/wp\/v2\/types\/page"}],"author":[{"embeddable":true,"href":"https:\/\/rmc-global.com\/pl\/wp-json\/wp\/v2\/users\/1"}],"replies":[{"embeddable":true,"href":"https:\/\/rmc-global.com\/pl\/wp-json\/wp\/v2\/comments?post=266"}],"version-history":[{"count":1,"href":"https:\/\/rmc-global.com\/pl\/wp-json\/wp\/v2\/pages\/266\/revisions"}],"predecessor-version":[{"id":1078,"href":"https:\/\/rmc-global.com\/pl\/wp-json\/wp\/v2\/pages\/266\/revisions\/1078"}],"wp:attachment":[{"href":"https:\/\/rmc-global.com\/pl\/wp-json\/wp\/v2\/media?parent=266"}],"curies":[{"name":"wp","href":"https:\/\/api.w.org\/{rel}","templated":true}]}}